{"id":1579,"date":"2025-10-01T04:10:53","date_gmt":"2025-10-01T07:10:53","guid":{"rendered":"http:\/\/wpdemo.archiwp.com\/engitech\/?page_id=1579"},"modified":"2025-10-15T17:10:47","modified_gmt":"2025-10-15T20:10:47","slug":"sobre-nos","status":"publish","type":"page","link":"https:\/\/spgestaoemsaude.andersonferro.com.br\/?page_id=1579","title":{"rendered":"Sobre N\u00f3s"},"content":{"rendered":"\t\t<div data-elementor-type=\"wp-page\" data-elementor-id=\"1579\" class=\"elementor elementor-1579\">\n\t\t\t\t<div class=\"elementor-element elementor-element-b5a0de2 e-flex e-con-boxed e-con e-parent\" data-id=\"b5a0de2\" data-element_type=\"container\" data-settings=\"{&quot;background_background&quot;:&quot;classic&quot;}\">\n\t\t\t\t\t<div class=\"e-con-inner\">\n\t\t<div class=\"elementor-element elementor-element-c15023a e-con-full e-flex e-con e-child\" data-id=\"c15023a\" data-element_type=\"container\">\n\t\t\t\t<div class=\"elementor-element elementor-element-a0c7162 elementor-widget elementor-widget-iheading\" data-id=\"a0c7162\" data-element_type=\"widget\" data-widget_type=\"iheading.default\">\n\t\t\t\t<div class=\"elementor-widget-container\">\n\t\t\t\t\t\t\t<div class=\"ot-heading\">\r\n\t        \t            <span>\/\/ Por que escolher a<\/span>\r\n\t        <h2 class=\"main-heading\">Nossa Equipe?<\/h2>\t    <\/div>\r\n\t    \t\t\t\t<\/div>\n\t\t\t\t<\/div>\n\t\t\t\t<div class=\"elementor-element elementor-element-8341668 elementor-widget elementor-widget-text-editor\" data-id=\"8341668\" data-element_type=\"widget\" data-widget_type=\"text-editor.default\">\n\t\t\t\t\t\t\t\t\t<p>\u2714 Profissionais altamente qualificados que compreendem o cotidiano, desafios e exig\u00eancias legais das Entidades Filantr\u00f3picas, organiza\u00e7\u00f5es do Terceiro Setor e Servi\u00e7os P\u00fablicos.<br \/>\u2714 Planejamento estrat\u00e9gico em sa\u00fade<br data-start=\"2185\" data-end=\"2188\" \/>\u2714 Implanta\u00e7\u00e3o de indicadores de desempenho<br data-start=\"2233\" data-end=\"2236\" \/>\u2714 Adequa\u00e7\u00e3o \u00e0s normas legais<br data-start=\"2264\" data-end=\"2267\" \/>\u2714 Uso eficiente dos recursos<br data-start=\"2295\" data-end=\"2298\" \/>\u2714 Foco na <strong data-start=\"2308\" data-end=\"2333\">seguran\u00e7a do paciente<\/strong> e na <strong data-start=\"2339\" data-end=\"2370\">sustentabilidade financeira<\/strong><\/p>\t\t\t\t\t\t\t\t<\/div>\n\t\t\t\t<\/div>\n\t\t<div class=\"elementor-element elementor-element-aeb6f3b e-con-full e-flex e-con e-child\" data-id=\"aeb6f3b\" data-element_type=\"container\">\n\t\t\t\t<div class=\"elementor-element elementor-element-8e04a43 elementor-widget elementor-widget-image\" data-id=\"8e04a43\" data-element_type=\"widget\" data-widget_type=\"image.default\">\n\t\t\t\t\t\t\t\t\t\t\t\t\t\t\t<img fetchpriority=\"high\" decoding=\"async\" width=\"720\" height=\"720\" src=\"https:\/\/spgestaoemsaude.andersonferro.com.br\/wp-content\/uploads\/2025\/10\/galeria-de-fotos.jpg\" class=\"attachment-full size-full wp-image-5291\" alt=\"\" srcset=\"https:\/\/spgestaoemsaude.andersonferro.com.br\/wp-content\/uploads\/2025\/10\/galeria-de-fotos.jpg 720w, https:\/\/spgestaoemsaude.andersonferro.com.br\/wp-content\/uploads\/2025\/10\/galeria-de-fotos-300x300.jpg 300w, https:\/\/spgestaoemsaude.andersonferro.com.br\/wp-content\/uploads\/2025\/10\/galeria-de-fotos-150x150.jpg 150w\" sizes=\"(max-width: 720px) 100vw, 720px\" \/>\t\t\t\t\t\t\t\t\t\t\t\t\t\t\t<\/div>\n\t\t\t\t<\/div>\n\t\t\t\t\t<\/div>\n\t\t\t\t<\/div>\n\t\t<div class=\"elementor-element elementor-element-74c2a75 e-flex e-con-boxed e-con e-parent\" data-id=\"74c2a75\" data-element_type=\"container\">\n\t\t\t\t\t<div class=\"e-con-inner\">\n\t\t<div class=\"elementor-element elementor-element-113d7aa e-con-full e-flex e-con e-child\" data-id=\"113d7aa\" data-element_type=\"container\">\n\t\t\t\t<div class=\"elementor-element elementor-element-1553be8 elementor-widget elementor-widget-iiconbox1\" data-id=\"1553be8\" data-element_type=\"widget\" data-widget_type=\"iiconbox1.default\">\n\t\t\t\t<div class=\"elementor-widget-container\">\n\t\t\t\t\t\t\t<div class=\"icon-box-s1\">\r\n\t\t\t<div class=\"icon-main\">\r\n\t\t        \t\t\t    \t\t        \t        <\/div>\r\n\t        <h5>Miss\u00e3o<\/h5>\r\n\t        <div class=\"line-box\"><\/div>\r\n\t        <p>Promover excel\u00eancia na gest\u00e3o e conformidade das institui\u00e7\u00f5es do terceiro setor e da sa\u00fade p\u00fablica, hospitalar e ambulatorial, por meio de apoio t\u00e9cnico especializado, contribuindo para a efici\u00eancia, a transpar\u00eancia e o fortalecimento das entidades que atuam com recursos p\u00fablicos.<\/p>\r\n\t    <\/div>\r\n\t    \t\t\t\t<\/div>\n\t\t\t\t<\/div>\n\t\t\t\t<\/div>\n\t\t<div class=\"elementor-element elementor-element-fae7af3 e-con-full e-flex e-con e-child\" data-id=\"fae7af3\" data-element_type=\"container\">\n\t\t\t\t<div class=\"elementor-element elementor-element-1ee2d58 elementor-widget elementor-widget-iiconbox1\" data-id=\"1ee2d58\" data-element_type=\"widget\" data-widget_type=\"iiconbox1.default\">\n\t\t\t\t<div class=\"elementor-widget-container\">\n\t\t\t\t\t\t\t<div class=\"icon-box-s1\">\r\n\t\t\t<div class=\"icon-main\">\r\n\t\t        \t\t\t    \t\t        \t        <\/div>\r\n\t        <h5>Vis\u00e3o<\/h5>\r\n\t        <div class=\"line-box\"><\/div>\r\n\t        <p>Ser refer\u00eancia nacional em solu\u00e7\u00f5es t\u00e9cnicas, para o terceiro setor e hospitais filantr\u00f3picos, reconhecida pela seriedade, inova\u00e7\u00e3o e impacto positivo na qualifica\u00e7\u00e3o dos servi\u00e7os prestados \u00e0 popula\u00e7\u00e3o pelo SUS.<\/p>\r\n\t    <\/div>\r\n\t    \t\t\t\t<\/div>\n\t\t\t\t<\/div>\n\t\t\t\t<\/div>\n\t\t<div class=\"elementor-element elementor-element-5eb7876 e-con-full e-flex e-con e-child\" data-id=\"5eb7876\" data-element_type=\"container\">\n\t\t\t\t<div class=\"elementor-element elementor-element-af4276c elementor-widget elementor-widget-iiconbox1\" data-id=\"af4276c\" data-element_type=\"widget\" data-widget_type=\"iiconbox1.default\">\n\t\t\t\t<div class=\"elementor-widget-container\">\n\t\t\t\t\t\t\t<div class=\"icon-box-s1\">\r\n\t\t\t<div class=\"icon-main\">\r\n\t\t        \t\t\t    \t\t        \t        <\/div>\r\n\t        <h5>Valores<\/h5>\r\n\t        <div class=\"line-box\"><\/div>\r\n\t        <p>\u00c9tica - Atua\u00e7\u00e3o pautada na integridade, responsabilidade e respeito ao interesse p\u00fablico.<br>\nCompromisso Social - Foco em contribuir com Institui\u00e7\u00f5es que prestam servi\u00e7os essenciais \u00e0 sociedade.<br>\nExcel\u00eancia T\u00e9cnica - Equipe qualificada e atualizada, com atua\u00e7\u00e3o baseada em evid\u00eancias e legisla\u00e7\u00e3o vigente.<br>\nTranspar\u00eancia - Clareza nos processos, relat\u00f3rios e orienta\u00e7\u00f5es t\u00e9cnicas.<br>\nParceria - Trabalho Colaborativo com as equipes institucionais, respeitando suas culturas e desafios.<br>\nInova\u00e7\u00e3o Pr\u00e1tica - Solu\u00e7\u00f5es vi\u00e1veis e aplic\u00e1veis \u00e0 realidade das institui\u00e7\u00f5es.<\/p>\r\n\t    <\/div>\r\n\t    \t\t\t\t<\/div>\n\t\t\t\t<\/div>\n\t\t\t\t<\/div>\n\t\t\t\t\t<\/div>\n\t\t\t\t<\/div>\n\t\t\t\t<section class=\"elementor-section elementor-top-section elementor-element elementor-element-b166d59 ot-traditional elementor-section-boxed elementor-section-height-default elementor-section-height-default\" data-id=\"b166d59\" data-element_type=\"section\" data-settings=\"{&quot;background_background&quot;:&quot;classic&quot;}\">\n\t\t\t\t\t\t<div class=\"elementor-container elementor-column-gap-default\">\n\t\t\t\t\t<div class=\"elementor-column elementor-col-100 elementor-top-column elementor-element elementor-element-1e7336e ot-flex-column-vertical\" data-id=\"1e7336e\" data-element_type=\"column\">\n\t\t\t<div class=\"elementor-widget-wrap elementor-element-populated\">\n\t\t\t\t\t\t<div class=\"elementor-element elementor-element-b439462 elementor-widget elementor-widget-itext-marquee\" data-id=\"b439462\" data-element_type=\"widget\" data-widget_type=\"itext-marquee.default\">\n\t\t\t\t<div class=\"elementor-widget-container\">\n\t\t\t\t\t\t\t<div class=\"ot-industries-marquee\" data-display=\"10\">\t\r\n\t\t\t<ul class=\"industries-marquee-content unstyle\">\r\n\t\t\t\t\t\t\t<li class=\"indus-title elementor-repeater-item-aadb068\">\r\n                    <h6>S\u00e3o Sim\u00e3o - SP<\/h6>\r\n\t        \t<\/li>\r\n\t\t\t\t\t\t\t<li class=\"indus-title elementor-repeater-item-311ce7c\">\r\n                    <h6>Tabatinga - SP<\/h6>\r\n\t        \t<\/li>\r\n\t\t\t\t\t\t\t<li class=\"indus-title elementor-repeater-item-f630f81\">\r\n                    <h6>Nova Europa - SP<\/h6>\r\n\t        \t<\/li>\r\n\t\t\t\t\t\t\t<li class=\"indus-title elementor-repeater-item-abf8146\">\r\n                    <h6>Serra Azul - SP<\/h6>\r\n\t        \t<\/li>\r\n\t\t\t\t\t\t\t<li class=\"indus-title elementor-repeater-item-1ebc950\">\r\n                    <h6>Santa Rosa de Viterbo - SP<\/h6>\r\n\t        \t<\/li>\r\n\t\t\t\t\t\t<\/ul>\r\n\t    <\/div>\r\n\t    \t\t\t\t<\/div>\n\t\t\t\t<\/div>\n\t\t\t\t\t<\/div>\n\t\t<\/div>\n\t\t\t\t\t<\/div>\n\t\t<\/section>\n\t\t\t\t<\/div>\n\t\t","protected":false},"excerpt":{"rendered":"<p>\/\/ Por que escolher a Nossa Equipe? \u2714 Profissionais altamente qualificados que compreendem o cotidiano, desafios e exig\u00eancias legais das Entidades Filantr\u00f3picas, organiza\u00e7\u00f5es do Terceiro Setor e Servi\u00e7os P\u00fablicos.\u2714 Planejamento estrat\u00e9gico em sa\u00fade\u2714 Implanta\u00e7\u00e3o de indicadores de desempenho\u2714 Adequa\u00e7\u00e3o \u00e0s normas legais\u2714 Uso eficiente dos recursos\u2714 Foco na seguran\u00e7a do paciente e na sustentabilidade financeira [&hellip;]<\/p>\n","protected":false},"author":1,"featured_media":0,"parent":0,"menu_order":0,"comment_status":"closed","ping_status":"closed","template":"","meta":{"footnotes":""},"class_list":["post-1579","page","type-page","status-publish","hentry"],"_links":{"self":[{"href":"https:\/\/spgestaoemsaude.andersonferro.com.br\/index.php?rest_route=\/wp\/v2\/pages\/1579","targetHints":{"allow":["GET"]}}],"collection":[{"href":"https:\/\/spgestaoemsaude.andersonferro.com.br\/index.php?rest_route=\/wp\/v2\/pages"}],"about":[{"href":"https:\/\/spgestaoemsaude.andersonferro.com.br\/index.php?rest_route=\/wp\/v2\/types\/page"}],"author":[{"embeddable":true,"href":"https:\/\/spgestaoemsaude.andersonferro.com.br\/index.php?rest_route=\/wp\/v2\/users\/1"}],"replies":[{"embeddable":true,"href":"https:\/\/spgestaoemsaude.andersonferro.com.br\/index.php?rest_route=%2Fwp%2Fv2%2Fcomments&post=1579"}],"version-history":[{"count":16,"href":"https:\/\/spgestaoemsaude.andersonferro.com.br\/index.php?rest_route=\/wp\/v2\/pages\/1579\/revisions"}],"predecessor-version":[{"id":5722,"href":"https:\/\/spgestaoemsaude.andersonferro.com.br\/index.php?rest_route=\/wp\/v2\/pages\/1579\/revisions\/5722"}],"wp:attachment":[{"href":"https:\/\/spgestaoemsaude.andersonferro.com.br\/index.php?rest_route=%2Fwp%2Fv2%2Fmedia&parent=1579"}],"curies":[{"name":"wp","href":"https:\/\/api.w.org\/{rel}","templated":true}]}}