{"id":1583,"date":"2025-09-29T04:33:29","date_gmt":"2025-09-29T07:33:29","guid":{"rendered":"http:\/\/wpdemo.archiwp.com\/engitech\/?page_id=1583"},"modified":"2025-10-15T14:43:27","modified_gmt":"2025-10-15T17:43:27","slug":"assessoria","status":"publish","type":"page","link":"https:\/\/spgestaoemsaude.andersonferro.com.br\/?page_id=1583","title":{"rendered":"Assessoria"},"content":{"rendered":"\t\t<div data-elementor-type=\"wp-page\" data-elementor-id=\"1583\" class=\"elementor elementor-1583\">\n\t\t\t\t\t\t<section class=\"elementor-section elementor-top-section elementor-element elementor-element-f983331 elementor-section-content-middle ot-traditional elementor-section-boxed elementor-section-height-default elementor-section-height-default\" data-id=\"f983331\" data-element_type=\"section\" data-settings=\"{&quot;background_background&quot;:&quot;classic&quot;}\">\n\t\t\t\t\t\t<div class=\"elementor-container elementor-column-gap-extended\">\n\t\t\t\t\t<div class=\"elementor-column elementor-col-50 elementor-top-column elementor-element elementor-element-fb1c096 ot-flex-column-vertical\" data-id=\"fb1c096\" data-element_type=\"column\">\n\t\t\t<div class=\"elementor-widget-wrap elementor-element-populated\">\n\t\t\t\t\t\t<div class=\"elementor-element elementor-element-ab8c75d elementor-widget elementor-widget-image\" data-id=\"ab8c75d\" data-element_type=\"widget\" data-widget_type=\"image.default\">\n\t\t\t\t\t\t\t\t\t\t\t\t\t\t\t<img fetchpriority=\"high\" decoding=\"async\" width=\"720\" height=\"720\" src=\"https:\/\/spgestaoemsaude.andersonferro.com.br\/wp-content\/uploads\/2025\/10\/galeria-de-fotos.jpg\" class=\"attachment-full size-full wp-image-5291\" alt=\"\" srcset=\"https:\/\/spgestaoemsaude.andersonferro.com.br\/wp-content\/uploads\/2025\/10\/galeria-de-fotos.jpg 720w, https:\/\/spgestaoemsaude.andersonferro.com.br\/wp-content\/uploads\/2025\/10\/galeria-de-fotos-300x300.jpg 300w, https:\/\/spgestaoemsaude.andersonferro.com.br\/wp-content\/uploads\/2025\/10\/galeria-de-fotos-150x150.jpg 150w\" sizes=\"(max-width: 720px) 100vw, 720px\" \/>\t\t\t\t\t\t\t\t\t\t\t\t\t\t\t<\/div>\n\t\t\t\t\t<\/div>\n\t\t<\/div>\n\t\t\t\t<div class=\"elementor-column elementor-col-50 elementor-top-column elementor-element elementor-element-8d40657 ot-flex-column-vertical\" data-id=\"8d40657\" data-element_type=\"column\">\n\t\t\t<div class=\"elementor-widget-wrap elementor-element-populated\">\n\t\t\t\t\t\t<div class=\"elementor-element elementor-element-b059e25 elementor-widget elementor-widget-iheading\" data-id=\"b059e25\" data-element_type=\"widget\" data-widget_type=\"iheading.default\">\n\t\t\t\t<div class=\"elementor-widget-container\">\n\t\t\t\t\t\t\t<div class=\"ot-heading\">\r\n\t        \t            <span>\/\/ assessoria ao<\/span>\r\n\t        <h2 class=\"main-heading\">Terceiro Setor, <BR>Institui\u00e7\u00f5es Filantr\u00f3picas, <BR>Organiza\u00e7\u00f5es Sociais de <BR>Sa\u00fade, Hospitais e Munic\u00edpios<\/h2>\t    <\/div>\r\n\t    \t\t\t\t<\/div>\n\t\t\t\t<\/div>\n\t\t\t\t<div class=\"elementor-element elementor-element-896f414 elementor-widget elementor-widget-heading\" data-id=\"896f414\" data-element_type=\"widget\" data-widget_type=\"heading.default\">\n\t\t\t\t\t<h6 class=\"elementor-heading-title elementor-size-default\">Suporte t\u00e9cnico cont\u00ednuo para<br>\nfortalecer a gest\u00e3o e a miss\u00e3o social<\/h6>\t\t\t\t<\/div>\n\t\t\t\t<div class=\"elementor-element elementor-element-ee6c940 elementor-widget elementor-widget-text-editor\" data-id=\"ee6c940\" data-element_type=\"widget\" data-widget_type=\"text-editor.default\">\n\t\t\t\t\t\t\t\t\t<p data-start=\"1502\" data-end=\"1872\">A Assessoria Hospitalar \u00e9 um servi\u00e7o de acompanhamento t\u00e9cnico cont\u00ednuo. Atuamos junto \u00e0 equipe da institui\u00e7\u00e3o para apoiar a execu\u00e7\u00e3o de atividades administrativas, financeiras e assistenciais, garantindo que os processos ocorram de forma alinhada \u00e0s normas legais e boas pr\u00e1ticas de gest\u00e3o.<\/p><p data-start=\"1874\" data-end=\"2035\">Com uma atua\u00e7\u00e3o pr\u00f3xima e personalizada, trabalhamos lado a lado com a institui\u00e7\u00e3o para <strong data-start=\"1962\" data-end=\"2032\">fortalecer sua sustentabilidade e potencializar seu impacto social<\/strong>.<\/p>\t\t\t\t\t\t\t\t<\/div>\n\t\t\t\t\t<\/div>\n\t\t<\/div>\n\t\t\t\t\t<\/div>\n\t\t<\/section>\n\t\t<div class=\"elementor-element elementor-element-49ac817 e-flex e-con-boxed e-con e-parent\" data-id=\"49ac817\" data-element_type=\"container\">\n\t\t\t\t\t<div class=\"e-con-inner\">\n\t\t\t\t<div class=\"elementor-element elementor-element-4f9b451 elementor-widget elementor-widget-iheading\" data-id=\"4f9b451\" data-element_type=\"widget\" data-widget_type=\"iheading.default\">\n\t\t\t\t<div class=\"elementor-widget-container\">\n\t\t\t\t\t\t\t<div class=\"ot-heading\">\r\n\t        \t            <span>Nossos<\/span>\r\n\t        <h2 class=\"main-heading\">Diferenciais<\/h2>\t    <\/div>\r\n\t    \t\t\t\t<\/div>\n\t\t\t\t<\/div>\n\t\t\t\t\t<\/div>\n\t\t\t\t<\/div>\n\t\t<div class=\"elementor-element elementor-element-6dc2811 e-flex e-con-boxed e-con e-parent\" data-id=\"6dc2811\" data-element_type=\"container\">\n\t\t\t\t\t<div class=\"e-con-inner\">\n\t\t<div class=\"elementor-element elementor-element-9efe769 e-con-full e-flex e-con e-child\" data-id=\"9efe769\" data-element_type=\"container\">\n\t\t\t\t<\/div>\n\t\t<div class=\"elementor-element elementor-element-f25b760 e-con-full e-flex e-con e-child\" data-id=\"f25b760\" data-element_type=\"container\">\n\t\t\t\t<div class=\"elementor-element elementor-element-ac3e175 elementor-widget elementor-widget-text-editor\" data-id=\"ac3e175\" data-element_type=\"widget\" data-widget_type=\"text-editor.default\">\n\t\t\t\t\t\t\t\t\t<ul><li data-start=\"2070\" data-end=\"2120\">Apoio t\u00e9cnico cont\u00ednuo e personalizado;<\/li><li data-start=\"2121\" data-end=\"2176\"><p data-start=\"2123\" data-end=\"2176\">Suporte na adequa\u00e7\u00e3o \u00e0s normas e obriga\u00e7\u00f5es legais;<\/p><\/li><li data-start=\"2121\" data-end=\"2176\"><p data-start=\"2123\" data-end=\"2176\">Apoio na gest\u00e3o financeira e na capta\u00e7\u00e3o de recursos;<\/p><\/li><li data-start=\"2235\" data-end=\"2295\"><p data-start=\"2237\" data-end=\"2295\">Planejamento estrat\u00e9gico voltado \u00e0 miss\u00e3o institucional;<\/p><\/li><li data-start=\"2296\" data-end=\"2353\"><p data-start=\"2298\" data-end=\"2353\">Melhoria de processos administrativos e operacionais.<\/p><\/li><\/ul>\t\t\t\t\t\t\t\t<\/div>\n\t\t\t\t<\/div>\n\t\t<div class=\"elementor-element elementor-element-4b2d2e4 e-con-full e-flex e-con e-child\" data-id=\"4b2d2e4\" data-element_type=\"container\">\n\t\t\t\t<\/div>\n\t\t\t\t\t<\/div>\n\t\t\t\t<\/div>\n\t\t<div class=\"elementor-element elementor-element-afdb90f e-flex e-con-boxed e-con e-parent\" data-id=\"afdb90f\" data-element_type=\"container\">\n\t\t\t\t\t<div class=\"e-con-inner\">\n\t\t\t\t<div class=\"elementor-element elementor-element-e02efb5 elementor-widget elementor-widget-iheading\" data-id=\"e02efb5\" data-element_type=\"widget\" data-widget_type=\"iheading.default\">\n\t\t\t\t<div class=\"elementor-widget-container\">\n\t\t\t\t\t\t\t<div class=\"ot-heading\">\r\n\t        <h2 class=\"main-heading\">\ud83d\udc49 \u00c9 indicada para institui\u00e7\u00f5es que precisam de suporte<br> permanente na organiza\u00e7\u00e3o e no dia a dia da gest\u00e3o hospitalar.<\/h2>\t    <\/div>\r\n\t    \t\t\t\t<\/div>\n\t\t\t\t<\/div>\n\t\t\t\t<div class=\"elementor-element elementor-element-ecbaeb4 elementor-widget elementor-widget-iheading\" data-id=\"ecbaeb4\" data-element_type=\"widget\" data-widget_type=\"iheading.default\">\n\t\t\t\t<div class=\"elementor-widget-container\">\n\t\t\t\t\t\t\t<div class=\"ot-heading\">\r\n\t        \t            <span>Outros<\/span>\r\n\t        <h2 class=\"main-heading\">Servi\u00e7os<\/h2>\t    <\/div>\r\n\t    \t\t\t\t<\/div>\n\t\t\t\t<\/div>\n\t\t\t\t\t<\/div>\n\t\t\t\t<\/div>\n\t\t\t\t<section class=\"elementor-section elementor-top-section elementor-element elementor-element-c2683a6 ot-traditional elementor-section-boxed elementor-section-height-default elementor-section-height-default\" data-id=\"c2683a6\" data-element_type=\"section\">\n\t\t\t\t\t\t<div class=\"elementor-container elementor-column-gap-extended\">\n\t\t\t\t\t<div class=\"elementor-column elementor-col-33 elementor-top-column elementor-element elementor-element-c78c094 ot-flex-column-vertical\" data-id=\"c78c094\" data-element_type=\"column\">\n\t\t\t<div class=\"elementor-widget-wrap elementor-element-populated\">\n\t\t\t\t\t\t<div class=\"elementor-element elementor-element-b5a956c elementor-widget elementor-widget-isupport_box\" data-id=\"b5a956c\" data-element_type=\"widget\" data-widget_type=\"isupport_box.default\">\n\t\t\t\t<div class=\"elementor-widget-container\">\n\t\t\t\t\t\r\n\t\t<div class=\"support-box\">\r\n\t\t\t<div class=\"inner-box\">\r\n\t\t\t\t<div class=\"overlay flex-middle\">\r\n\t\t\t\t\t<span class=\"number-box\">01<\/span>\r\n\t\t\t\t\t<div class=\"inner\">\r\n\t\t\t\t\t\t<p>- An\u00e1lises assistenciais, jur\u00eddicas e cont\u00e1beis.<br> \n- Seguran\u00e7a na qualidade do atendimento e efici\u00eancia na utiliza\u00e7\u00e3o dos recursos.<\/p>\r\n\t\t\t\t\t\t<a href=\"https:\/\/spgestaoemsaude.andersonferro.com.br\/servicos\/auditoria-hospitalar\/\" class=\"btn-details\"><i class=\"flaticon-right-arrow-1\"><\/i> SAIBA MAIS<\/a>\r\n\t\t\t\t\t<\/div>\r\n\t\t\t\t<\/div>\r\n\t\t\t\t<div class=\"content-box\">\r\n\t\t\t\t\t<span class=\"number-box\">01<\/span>\r\n\t\t\t\t\t<h3>Auditoria Hospitalar<\/h3>\r\n\t\t\t\t\t<img decoding=\"async\" src=\"http:\/\/spgestaoemsaude.andersonferro.com.br\/wp-content\/uploads\/2025\/10\/galeria-de-fotos-4.jpg\" alt=\"Auditoria Hospitalar\">\r\n\t\t\t\t<\/div>\r\n\t\t\t<\/div>\r\n\t    <\/div>\r\n\r\n\t    \t\t\t\t<\/div>\n\t\t\t\t<\/div>\n\t\t\t\t\t<\/div>\n\t\t<\/div>\n\t\t\t\t<div class=\"elementor-column elementor-col-33 elementor-top-column elementor-element elementor-element-3685830 ot-flex-column-vertical\" data-id=\"3685830\" data-element_type=\"column\">\n\t\t\t<div class=\"elementor-widget-wrap elementor-element-populated\">\n\t\t\t\t\t\t<div class=\"elementor-element elementor-element-ffbda24 elementor-widget elementor-widget-isupport_box\" data-id=\"ffbda24\" data-element_type=\"widget\" data-widget_type=\"isupport_box.default\">\n\t\t\t\t<div class=\"elementor-widget-container\">\n\t\t\t\t\t\r\n\t\t<div class=\"support-box\">\r\n\t\t\t<div class=\"inner-box\">\r\n\t\t\t\t<div class=\"overlay flex-middle\">\r\n\t\t\t\t\t<span class=\"number-box\">03<\/span>\r\n\t\t\t\t\t<div class=\"inner\">\r\n\t\t\t\t\t\t<p>- Diagn\u00f3stico estrat\u00e9gico e recomenda\u00e7\u00f5es.<BR>\n- Ideal para reestrutura\u00e7\u00f5es e implanta\u00e7\u00e3o de novos processos.<\/p>\r\n\t\t\t\t\t\t<a href=\"https:\/\/spgestaoemsaude.andersonferro.com.br\/servicos\/consultoria\/\" class=\"btn-details\"><i class=\"flaticon-right-arrow-1\"><\/i> SAIBA MAIS<\/a>\r\n\t\t\t\t\t<\/div>\r\n\t\t\t\t<\/div>\r\n\t\t\t\t<div class=\"content-box\">\r\n\t\t\t\t\t<span class=\"number-box\">03<\/span>\r\n\t\t\t\t\t<h3>Consultoria Hospitalar<\/h3>\r\n\t\t\t\t\t<img decoding=\"async\" src=\"http:\/\/spgestaoemsaude.andersonferro.com.br\/wp-content\/uploads\/2025\/10\/galeria-de-fotos-3.jpg\" alt=\"Consultoria Hospitalar\">\r\n\t\t\t\t<\/div>\r\n\t\t\t<\/div>\r\n\t    <\/div>\r\n\r\n\t    \t\t\t\t<\/div>\n\t\t\t\t<\/div>\n\t\t\t\t\t<\/div>\n\t\t<\/div>\n\t\t\t\t<div class=\"elementor-column elementor-col-33 elementor-top-column elementor-element elementor-element-d000ccb ot-flex-column-vertical\" data-id=\"d000ccb\" data-element_type=\"column\">\n\t\t\t<div class=\"elementor-widget-wrap elementor-element-populated\">\n\t\t\t\t\t\t<div class=\"elementor-element elementor-element-cd9b9b2 elementor-widget elementor-widget-isupport_box\" data-id=\"cd9b9b2\" data-element_type=\"widget\" data-widget_type=\"isupport_box.default\">\n\t\t\t\t<div class=\"elementor-widget-container\">\n\t\t\t\t\t\r\n\t\t<div class=\"support-box\">\r\n\t\t\t<div class=\"inner-box\">\r\n\t\t\t\t<div class=\"overlay flex-middle\">\r\n\t\t\t\t\t<span class=\"number-box\">04<\/span>\r\n\t\t\t\t\t<div class=\"inner\">\r\n\t\t\t\t\t\t<p>- Capacita\u00e7\u00e3o em protocolos assistenciais.<BR>\n- Seguran\u00e7a ao paciente e efici\u00eancia no atendimento.<\/p>\r\n\t\t\t\t\t\t<a href=\"https:\/\/spgestaoemsaude.andersonferro.com.br\/servicos\/treinamentos\/\" class=\"btn-details\"><i class=\"flaticon-right-arrow-1\"><\/i> SAIBA MAIS<\/a>\r\n\t\t\t\t\t<\/div>\r\n\t\t\t\t<\/div>\r\n\t\t\t\t<div class=\"content-box\">\r\n\t\t\t\t\t<span class=\"number-box\">04<\/span>\r\n\t\t\t\t\t<h3>Treinamentos<\/h3>\r\n\t\t\t\t\t<img decoding=\"async\" src=\"http:\/\/spgestaoemsaude.andersonferro.com.br\/wp-content\/uploads\/2025\/10\/galeria-de-fotos-2.jpg\" alt=\"Treinamentos\">\r\n\t\t\t\t<\/div>\r\n\t\t\t<\/div>\r\n\t    <\/div>\r\n\r\n\t    \t\t\t\t<\/div>\n\t\t\t\t<\/div>\n\t\t\t\t\t<\/div>\n\t\t<\/div>\n\t\t\t\t\t<\/div>\n\t\t<\/section>\n\t\t\t\t<\/div>\n\t\t","protected":false},"excerpt":{"rendered":"<p>\/\/ assessoria ao Terceiro Setor, Institui\u00e7\u00f5es Filantr\u00f3picas, Organiza\u00e7\u00f5es Sociais de Sa\u00fade, Hospitais e Munic\u00edpios Suporte t\u00e9cnico cont\u00ednuo para fortalecer a gest\u00e3o e a miss\u00e3o social A Assessoria Hospitalar \u00e9 um servi\u00e7o de acompanhamento t\u00e9cnico cont\u00ednuo. Atuamos junto \u00e0 equipe da institui\u00e7\u00e3o para apoiar a execu\u00e7\u00e3o de atividades administrativas, financeiras e assistenciais, garantindo que os processos [&hellip;]<\/p>\n","protected":false},"author":1,"featured_media":0,"parent":0,"menu_order":0,"comment_status":"closed","ping_status":"closed","template":"","meta":{"footnotes":""},"class_list":["post-1583","page","type-page","status-publish","hentry"],"_links":{"self":[{"href":"https:\/\/spgestaoemsaude.andersonferro.com.br\/index.php?rest_route=\/wp\/v2\/pages\/1583","targetHints":{"allow":["GET"]}}],"collection":[{"href":"https:\/\/spgestaoemsaude.andersonferro.com.br\/index.php?rest_route=\/wp\/v2\/pages"}],"about":[{"href":"https:\/\/spgestaoemsaude.andersonferro.com.br\/index.php?rest_route=\/wp\/v2\/types\/page"}],"author":[{"embeddable":true,"href":"https:\/\/spgestaoemsaude.andersonferro.com.br\/index.php?rest_route=\/wp\/v2\/users\/1"}],"replies":[{"embeddable":true,"href":"https:\/\/spgestaoemsaude.andersonferro.com.br\/index.php?rest_route=%2Fwp%2Fv2%2Fcomments&post=1583"}],"version-history":[{"count":54,"href":"https:\/\/spgestaoemsaude.andersonferro.com.br\/index.php?rest_route=\/wp\/v2\/pages\/1583\/revisions"}],"predecessor-version":[{"id":5700,"href":"https:\/\/spgestaoemsaude.andersonferro.com.br\/index.php?rest_route=\/wp\/v2\/pages\/1583\/revisions\/5700"}],"wp:attachment":[{"href":"https:\/\/spgestaoemsaude.andersonferro.com.br\/index.php?rest_route=%2Fwp%2Fv2%2Fmedia&parent=1583"}],"curies":[{"name":"wp","href":"https:\/\/api.w.org\/{rel}","templated":true}]}}