{"id":1866,"date":"2025-10-01T10:17:39","date_gmt":"2025-10-01T13:17:39","guid":{"rendered":"http:\/\/wpdemo.archiwp.com\/engitech\/?page_id=1866"},"modified":"2025-10-14T20:52:10","modified_gmt":"2025-10-14T23:52:10","slug":"galeria","status":"publish","type":"page","link":"https:\/\/spgestaoemsaude.andersonferro.com.br\/?page_id=1866","title":{"rendered":"Galeria"},"content":{"rendered":"\t\t<div data-elementor-type=\"wp-page\" data-elementor-id=\"1866\" class=\"elementor elementor-1866\">\n\t\t\t\t\t\t<section class=\"elementor-section elementor-top-section elementor-element elementor-element-dd247bf ot-traditional elementor-section-boxed elementor-section-height-default elementor-section-height-default\" data-id=\"dd247bf\" data-element_type=\"section\" data-settings=\"{&quot;background_background&quot;:&quot;classic&quot;}\">\n\t\t\t\t\t\t<div class=\"elementor-container elementor-column-gap-default\">\n\t\t\t\t\t<div class=\"elementor-column elementor-col-100 elementor-top-column elementor-element elementor-element-1f4e0cb ot-flex-column-vertical\" data-id=\"1f4e0cb\" data-element_type=\"column\">\n\t\t\t<div class=\"elementor-widget-wrap elementor-element-populated\">\n\t\t\t\t\t\t<div class=\"elementor-element elementor-element-cd09ac1 elementor-widget elementor-widget-iheading\" data-id=\"cd09ac1\" data-element_type=\"widget\" data-widget_type=\"iheading.default\">\n\t\t\t\t<div class=\"elementor-widget-container\">\n\t\t\t\t\t\t\t<div class=\"ot-heading\">\r\n\t        \t            <span>\/\/ SP Gest\u00e3o em Sa\u00fade por ai...<\/span>\r\n\t        <h2 class=\"main-heading\">Galeria de Fotos<\/h2>\t    <\/div>\r\n\t    \t\t\t\t<\/div>\n\t\t\t\t<\/div>\n\t\t\t\t<div class=\"elementor-element elementor-element-27b73fe elementor-widget elementor-widget-text-editor\" data-id=\"27b73fe\" data-element_type=\"widget\" data-widget_type=\"text-editor.default\">\n\t\t\t\t\t\t\t\t\t<p>De cada Institui\u00e7\u00e3o, de cada equipe, nasce uma parceria de excel\u00eancia.<\/p>\t\t\t\t\t\t\t\t<\/div>\n\t\t\t\t<div class=\"elementor-element elementor-element-29268d9 gallery-spacing-custom elementor-widget elementor-widget-image-gallery\" data-id=\"29268d9\" data-element_type=\"widget\" data-widget_type=\"image-gallery.default\">\n\t\t\t\t\t\t\t<div class=\"elementor-image-gallery\">\n\t\t\t<div id='gallery-1' class='gallery galleryid-1866 gallery-columns-3 gallery-size-engitech-portfolio-thumbnail-grid'><figure class='gallery-item'>\n\t\t\t<div class='gallery-icon landscape'>\n\t\t\t\t<a data-elementor-open-lightbox=\"yes\" data-elementor-lightbox-slideshow=\"29268d9\" data-elementor-lightbox-title=\"galeria de fotos (4)\" data-e-action-hash=\"#elementor-action%3Aaction%3Dlightbox%26settings%3DeyJpZCI6NTI4OSwidXJsIjoiaHR0cHM6XC9cL3NwZ2VzdGFvZW1zYXVkZS5hbmRlcnNvbmZlcnJvLmNvbS5iclwvd3AtY29udGVudFwvdXBsb2Fkc1wvMjAyNVwvMTBcL2dhbGVyaWEtZGUtZm90b3MtNC5qcGciLCJzbGlkZXNob3ciOiIyOTI2OGQ5In0%3D\" href='https:\/\/spgestaoemsaude.andersonferro.com.br\/wp-content\/uploads\/2025\/10\/galeria-de-fotos-4.jpg'><img fetchpriority=\"high\" decoding=\"async\" width=\"720\" height=\"720\" src=\"https:\/\/spgestaoemsaude.andersonferro.com.br\/wp-content\/uploads\/2025\/10\/galeria-de-fotos-4.jpg\" class=\"attachment-engitech-portfolio-thumbnail-grid size-engitech-portfolio-thumbnail-grid\" alt=\"\" srcset=\"https:\/\/spgestaoemsaude.andersonferro.com.br\/wp-content\/uploads\/2025\/10\/galeria-de-fotos-4.jpg 720w, https:\/\/spgestaoemsaude.andersonferro.com.br\/wp-content\/uploads\/2025\/10\/galeria-de-fotos-4-300x300.jpg 300w, https:\/\/spgestaoemsaude.andersonferro.com.br\/wp-content\/uploads\/2025\/10\/galeria-de-fotos-4-150x150.jpg 150w\" sizes=\"(max-width: 720px) 100vw, 720px\" \/><\/a>\n\t\t\t<\/div><\/figure><figure class='gallery-item'>\n\t\t\t<div class='gallery-icon landscape'>\n\t\t\t\t<a data-elementor-open-lightbox=\"yes\" data-elementor-lightbox-slideshow=\"29268d9\" data-elementor-lightbox-title=\"galeria de fotos (3)\" data-e-action-hash=\"#elementor-action%3Aaction%3Dlightbox%26settings%3DeyJpZCI6NTI4OCwidXJsIjoiaHR0cHM6XC9cL3NwZ2VzdGFvZW1zYXVkZS5hbmRlcnNvbmZlcnJvLmNvbS5iclwvd3AtY29udGVudFwvdXBsb2Fkc1wvMjAyNVwvMTBcL2dhbGVyaWEtZGUtZm90b3MtMy5qcGciLCJzbGlkZXNob3ciOiIyOTI2OGQ5In0%3D\" href='https:\/\/spgestaoemsaude.andersonferro.com.br\/wp-content\/uploads\/2025\/10\/galeria-de-fotos-3.jpg'><img decoding=\"async\" width=\"720\" height=\"720\" src=\"https:\/\/spgestaoemsaude.andersonferro.com.br\/wp-content\/uploads\/2025\/10\/galeria-de-fotos-3.jpg\" class=\"attachment-engitech-portfolio-thumbnail-grid size-engitech-portfolio-thumbnail-grid\" alt=\"\" srcset=\"https:\/\/spgestaoemsaude.andersonferro.com.br\/wp-content\/uploads\/2025\/10\/galeria-de-fotos-3.jpg 720w, https:\/\/spgestaoemsaude.andersonferro.com.br\/wp-content\/uploads\/2025\/10\/galeria-de-fotos-3-300x300.jpg 300w, https:\/\/spgestaoemsaude.andersonferro.com.br\/wp-content\/uploads\/2025\/10\/galeria-de-fotos-3-150x150.jpg 150w\" sizes=\"(max-width: 720px) 100vw, 720px\" \/><\/a>\n\t\t\t<\/div><\/figure><figure class='gallery-item'>\n\t\t\t<div class='gallery-icon landscape'>\n\t\t\t\t<a data-elementor-open-lightbox=\"yes\" data-elementor-lightbox-slideshow=\"29268d9\" data-elementor-lightbox-title=\"galeria de fotos\" data-e-action-hash=\"#elementor-action%3Aaction%3Dlightbox%26settings%3DeyJpZCI6NTI5MSwidXJsIjoiaHR0cHM6XC9cL3NwZ2VzdGFvZW1zYXVkZS5hbmRlcnNvbmZlcnJvLmNvbS5iclwvd3AtY29udGVudFwvdXBsb2Fkc1wvMjAyNVwvMTBcL2dhbGVyaWEtZGUtZm90b3MuanBnIiwic2xpZGVzaG93IjoiMjkyNjhkOSJ9\" href='https:\/\/spgestaoemsaude.andersonferro.com.br\/wp-content\/uploads\/2025\/10\/galeria-de-fotos.jpg'><img decoding=\"async\" width=\"720\" height=\"720\" src=\"https:\/\/spgestaoemsaude.andersonferro.com.br\/wp-content\/uploads\/2025\/10\/galeria-de-fotos.jpg\" class=\"attachment-engitech-portfolio-thumbnail-grid size-engitech-portfolio-thumbnail-grid\" alt=\"\" srcset=\"https:\/\/spgestaoemsaude.andersonferro.com.br\/wp-content\/uploads\/2025\/10\/galeria-de-fotos.jpg 720w, https:\/\/spgestaoemsaude.andersonferro.com.br\/wp-content\/uploads\/2025\/10\/galeria-de-fotos-300x300.jpg 300w, https:\/\/spgestaoemsaude.andersonferro.com.br\/wp-content\/uploads\/2025\/10\/galeria-de-fotos-150x150.jpg 150w\" sizes=\"(max-width: 720px) 100vw, 720px\" \/><\/a>\n\t\t\t<\/div><\/figure><figure class='gallery-item'>\n\t\t\t<div class='gallery-icon landscape'>\n\t\t\t\t<a data-elementor-open-lightbox=\"yes\" data-elementor-lightbox-slideshow=\"29268d9\" data-elementor-lightbox-title=\"galeria de fotos (5)\" data-e-action-hash=\"#elementor-action%3Aaction%3Dlightbox%26settings%3DeyJpZCI6NTI5MCwidXJsIjoiaHR0cHM6XC9cL3NwZ2VzdGFvZW1zYXVkZS5hbmRlcnNvbmZlcnJvLmNvbS5iclwvd3AtY29udGVudFwvdXBsb2Fkc1wvMjAyNVwvMTBcL2dhbGVyaWEtZGUtZm90b3MtNS5qcGciLCJzbGlkZXNob3ciOiIyOTI2OGQ5In0%3D\" href='https:\/\/spgestaoemsaude.andersonferro.com.br\/wp-content\/uploads\/2025\/10\/galeria-de-fotos-5.jpg'><img loading=\"lazy\" decoding=\"async\" width=\"720\" height=\"720\" src=\"https:\/\/spgestaoemsaude.andersonferro.com.br\/wp-content\/uploads\/2025\/10\/galeria-de-fotos-5.jpg\" class=\"attachment-engitech-portfolio-thumbnail-grid size-engitech-portfolio-thumbnail-grid\" alt=\"\" srcset=\"https:\/\/spgestaoemsaude.andersonferro.com.br\/wp-content\/uploads\/2025\/10\/galeria-de-fotos-5.jpg 720w, https:\/\/spgestaoemsaude.andersonferro.com.br\/wp-content\/uploads\/2025\/10\/galeria-de-fotos-5-300x300.jpg 300w, https:\/\/spgestaoemsaude.andersonferro.com.br\/wp-content\/uploads\/2025\/10\/galeria-de-fotos-5-150x150.jpg 150w\" sizes=\"(max-width: 720px) 100vw, 720px\" \/><\/a>\n\t\t\t<\/div><\/figure><figure class='gallery-item'>\n\t\t\t<div class='gallery-icon landscape'>\n\t\t\t\t<a data-elementor-open-lightbox=\"yes\" data-elementor-lightbox-slideshow=\"29268d9\" data-elementor-lightbox-title=\"galeria de fotos (2)\" data-e-action-hash=\"#elementor-action%3Aaction%3Dlightbox%26settings%3DeyJpZCI6NTI5MywidXJsIjoiaHR0cHM6XC9cL3NwZ2VzdGFvZW1zYXVkZS5hbmRlcnNvbmZlcnJvLmNvbS5iclwvd3AtY29udGVudFwvdXBsb2Fkc1wvMjAyNVwvMTBcL2dhbGVyaWEtZGUtZm90b3MtMi5qcGciLCJzbGlkZXNob3ciOiIyOTI2OGQ5In0%3D\" href='https:\/\/spgestaoemsaude.andersonferro.com.br\/wp-content\/uploads\/2025\/10\/galeria-de-fotos-2.jpg'><img loading=\"lazy\" decoding=\"async\" width=\"720\" height=\"720\" src=\"https:\/\/spgestaoemsaude.andersonferro.com.br\/wp-content\/uploads\/2025\/10\/galeria-de-fotos-2.jpg\" class=\"attachment-engitech-portfolio-thumbnail-grid size-engitech-portfolio-thumbnail-grid\" alt=\"\" srcset=\"https:\/\/spgestaoemsaude.andersonferro.com.br\/wp-content\/uploads\/2025\/10\/galeria-de-fotos-2.jpg 720w, https:\/\/spgestaoemsaude.andersonferro.com.br\/wp-content\/uploads\/2025\/10\/galeria-de-fotos-2-300x300.jpg 300w, https:\/\/spgestaoemsaude.andersonferro.com.br\/wp-content\/uploads\/2025\/10\/galeria-de-fotos-2-150x150.jpg 150w\" sizes=\"(max-width: 720px) 100vw, 720px\" \/><\/a>\n\t\t\t<\/div><\/figure><figure class='gallery-item'>\n\t\t\t<div class='gallery-icon landscape'>\n\t\t\t\t<a data-elementor-open-lightbox=\"yes\" data-elementor-lightbox-slideshow=\"29268d9\" data-elementor-lightbox-title=\"galeria de fotos (1)\" data-e-action-hash=\"#elementor-action%3Aaction%3Dlightbox%26settings%3DeyJpZCI6NTI5MiwidXJsIjoiaHR0cHM6XC9cL3NwZ2VzdGFvZW1zYXVkZS5hbmRlcnNvbmZlcnJvLmNvbS5iclwvd3AtY29udGVudFwvdXBsb2Fkc1wvMjAyNVwvMTBcL2dhbGVyaWEtZGUtZm90b3MtMS5qcGciLCJzbGlkZXNob3ciOiIyOTI2OGQ5In0%3D\" href='https:\/\/spgestaoemsaude.andersonferro.com.br\/wp-content\/uploads\/2025\/10\/galeria-de-fotos-1.jpg'><img loading=\"lazy\" decoding=\"async\" width=\"720\" height=\"720\" src=\"https:\/\/spgestaoemsaude.andersonferro.com.br\/wp-content\/uploads\/2025\/10\/galeria-de-fotos-1.jpg\" class=\"attachment-engitech-portfolio-thumbnail-grid size-engitech-portfolio-thumbnail-grid\" alt=\"\" srcset=\"https:\/\/spgestaoemsaude.andersonferro.com.br\/wp-content\/uploads\/2025\/10\/galeria-de-fotos-1.jpg 720w, https:\/\/spgestaoemsaude.andersonferro.com.br\/wp-content\/uploads\/2025\/10\/galeria-de-fotos-1-300x300.jpg 300w, https:\/\/spgestaoemsaude.andersonferro.com.br\/wp-content\/uploads\/2025\/10\/galeria-de-fotos-1-150x150.jpg 150w\" sizes=\"(max-width: 720px) 100vw, 720px\" \/><\/a>\n\t\t\t<\/div><\/figure>\n\t\t<\/div>\n\t\t<\/div>\n\t\t\t\t\t\t<\/div>\n\t\t\t\t\t<\/div>\n\t\t<\/div>\n\t\t\t\t\t<\/div>\n\t\t<\/section>\n\t\t\t\t<\/div>\n\t\t","protected":false},"excerpt":{"rendered":"<p>\/\/ SP Gest\u00e3o em Sa\u00fade por ai&#8230; Galeria de Fotos De cada Institui\u00e7\u00e3o, de cada equipe, nasce uma parceria de excel\u00eancia.<\/p>\n","protected":false},"author":1,"featured_media":0,"parent":0,"menu_order":0,"comment_status":"closed","ping_status":"closed","template":"","meta":{"footnotes":""},"class_list":["post-1866","page","type-page","status-publish","hentry"],"_links":{"self":[{"href":"https:\/\/spgestaoemsaude.andersonferro.com.br\/index.php?rest_route=\/wp\/v2\/pages\/1866","targetHints":{"allow":["GET"]}}],"collection":[{"href":"https:\/\/spgestaoemsaude.andersonferro.com.br\/index.php?rest_route=\/wp\/v2\/pages"}],"about":[{"href":"https:\/\/spgestaoemsaude.andersonferro.com.br\/index.php?rest_route=\/wp\/v2\/types\/page"}],"author":[{"embeddable":true,"href":"https:\/\/spgestaoemsaude.andersonferro.com.br\/index.php?rest_route=\/wp\/v2\/users\/1"}],"replies":[{"embeddable":true,"href":"https:\/\/spgestaoemsaude.andersonferro.com.br\/index.php?rest_route=%2Fwp%2Fv2%2Fcomments&post=1866"}],"version-history":[{"count":21,"href":"https:\/\/spgestaoemsaude.andersonferro.com.br\/index.php?rest_route=\/wp\/v2\/pages\/1866\/revisions"}],"predecessor-version":[{"id":5693,"href":"https:\/\/spgestaoemsaude.andersonferro.com.br\/index.php?rest_route=\/wp\/v2\/pages\/1866\/revisions\/5693"}],"wp:attachment":[{"href":"https:\/\/spgestaoemsaude.andersonferro.com.br\/index.php?rest_route=%2Fwp%2Fv2%2Fmedia&parent=1866"}],"curies":[{"name":"wp","href":"https:\/\/api.w.org\/{rel}","templated":true}]}}