{"id":2076,"date":"2025-09-25T08:41:33","date_gmt":"2025-09-25T11:41:33","guid":{"rendered":"http:\/\/wpdemo.archiwp.com\/engitech\/?page_id=2076"},"modified":"2025-10-15T14:44:09","modified_gmt":"2025-10-15T17:44:09","slug":"auditoria-hospitalar","status":"publish","type":"page","link":"https:\/\/spgestaoemsaude.andersonferro.com.br\/?page_id=2076","title":{"rendered":"Auditoria Hospitalar"},"content":{"rendered":"\t\t<div data-elementor-type=\"wp-page\" data-elementor-id=\"2076\" class=\"elementor elementor-2076\">\n\t\t\t\t<div class=\"elementor-element elementor-element-55b4ed8 e-flex e-con-boxed e-con e-parent\" data-id=\"55b4ed8\" data-element_type=\"container\" data-settings=\"{&quot;background_background&quot;:&quot;classic&quot;}\">\n\t\t\t\t\t<div class=\"e-con-inner\">\n\t\t<div class=\"elementor-element elementor-element-79f3b81 e-con-full e-flex e-con e-child\" data-id=\"79f3b81\" data-element_type=\"container\">\n\t\t\t\t<div class=\"elementor-element elementor-element-bc75171 elementor-widget elementor-widget-image\" data-id=\"bc75171\" data-element_type=\"widget\" data-widget_type=\"image.default\">\n\t\t\t\t\t\t\t\t\t\t\t\t\t\t\t<img fetchpriority=\"high\" decoding=\"async\" width=\"720\" height=\"720\" src=\"https:\/\/spgestaoemsaude.andersonferro.com.br\/wp-content\/uploads\/2025\/10\/galeria-de-fotos-4.jpg\" class=\"attachment-full size-full wp-image-5289\" alt=\"\" srcset=\"https:\/\/spgestaoemsaude.andersonferro.com.br\/wp-content\/uploads\/2025\/10\/galeria-de-fotos-4.jpg 720w, https:\/\/spgestaoemsaude.andersonferro.com.br\/wp-content\/uploads\/2025\/10\/galeria-de-fotos-4-300x300.jpg 300w, https:\/\/spgestaoemsaude.andersonferro.com.br\/wp-content\/uploads\/2025\/10\/galeria-de-fotos-4-150x150.jpg 150w\" sizes=\"(max-width: 720px) 100vw, 720px\" \/>\t\t\t\t\t\t\t\t\t\t\t\t\t\t\t<\/div>\n\t\t\t\t<\/div>\n\t\t<div class=\"elementor-element elementor-element-1a526a6 e-con-full e-flex e-con e-child\" data-id=\"1a526a6\" data-element_type=\"container\">\n\t\t\t\t<div class=\"elementor-element elementor-element-3c40b49 elementor-widget elementor-widget-iheading\" data-id=\"3c40b49\" data-element_type=\"widget\" data-widget_type=\"iheading.default\">\n\t\t\t\t<div class=\"elementor-widget-container\">\n\t\t\t\t\t\t\t<div class=\"ot-heading\">\r\n\t        \t            <span>\/\/ AUDITORIA<\/span>\r\n\t        <h2 class=\"main-heading\">HOSPITALAR<\/h2>\t    <\/div>\r\n\t    \t\t\t\t<\/div>\n\t\t\t\t<\/div>\n\t\t\t\t<div class=\"elementor-element elementor-element-56a279c elementor-widget elementor-widget-heading\" data-id=\"56a279c\" data-element_type=\"widget\" data-widget_type=\"heading.default\">\n\t\t\t\t\t<h6 class=\"elementor-heading-title elementor-size-default\">Avalia\u00e7\u00e3o t\u00e9cnica para decis\u00f5es <br>\nseguras e resultados sustent\u00e1veis<\/h6>\t\t\t\t<\/div>\n\t\t\t\t<div class=\"elementor-element elementor-element-09415e3 elementor-widget elementor-widget-text-editor\" data-id=\"09415e3\" data-element_type=\"widget\" data-widget_type=\"text-editor.default\">\n\t\t\t\t\t\t\t\t\t<p data-start=\"374\" data-end=\"744\">A <strong data-start=\"376\" data-end=\"400\">Auditoria Hospitalar<\/strong> \u00e9 uma ferramenta estrat\u00e9gica que garante <strong data-start=\"442\" data-end=\"482\">qualidade, efici\u00eancia e conformidade<\/strong> nos servi\u00e7os de sa\u00fade.<br data-start=\"505\" data-end=\"508\" \/>Por meio de uma an\u00e1lise criteriosa dos <strong data-start=\"546\" data-end=\"605\">processos assistenciais e de qualidade, an\u00e1lise jur\u00eddica, financeira e cont\u00e1bil<\/strong>, identificamos oportunidades de melhoria, redu\u00e7\u00e3o de desperd\u00edcios e fortalecemos a <strong data-start=\"688\" data-end=\"724\">gest\u00e3o assistencial e financeira<\/strong> das institui\u00e7\u00f5es.<\/p><p data-start=\"746\" data-end=\"954\">Nosso trabalho vai al\u00e9m da confer\u00eancia de dados: atuamos como parceiros dos gestores, entregando <strong data-start=\"843\" data-end=\"889\">informa\u00e7\u00f5es t\u00e9cnicas e relat\u00f3rios precisos<\/strong> que apoiam a <strong data-start=\"903\" data-end=\"936\">tomada de decis\u00f5es assertivas<\/strong> e sustent\u00e1veis.<\/p>\t\t\t\t\t\t\t\t<\/div>\n\t\t\t\t<\/div>\n\t\t\t\t\t<\/div>\n\t\t\t\t<\/div>\n\t\t<div class=\"elementor-element elementor-element-9a5a27a e-flex e-con-boxed e-con e-parent\" data-id=\"9a5a27a\" data-element_type=\"container\">\n\t\t\t\t\t<div class=\"e-con-inner\">\n\t\t\t\t<div class=\"elementor-element elementor-element-5f356d5 elementor-widget elementor-widget-iheading\" data-id=\"5f356d5\" data-element_type=\"widget\" data-widget_type=\"iheading.default\">\n\t\t\t\t<div class=\"elementor-widget-container\">\n\t\t\t\t\t\t\t<div class=\"ot-heading\">\r\n\t        \t            <span>Nossos<\/span>\r\n\t        <h2 class=\"main-heading\">Diferenciais<\/h2>\t    <\/div>\r\n\t    \t\t\t\t<\/div>\n\t\t\t\t<\/div>\n\t\t\t\t\t<\/div>\n\t\t\t\t<\/div>\n\t\t<div class=\"elementor-element elementor-element-a03e230 e-flex e-con-boxed e-con e-parent\" data-id=\"a03e230\" data-element_type=\"container\">\n\t\t\t\t\t<div class=\"e-con-inner\">\n\t\t<div class=\"elementor-element elementor-element-a630127 e-con-full e-flex e-con e-child\" data-id=\"a630127\" data-element_type=\"container\">\n\t\t\t\t<\/div>\n\t\t<div class=\"elementor-element elementor-element-f47ba7e e-con-full e-flex e-con e-child\" data-id=\"f47ba7e\" data-element_type=\"container\">\n\t\t\t\t<div class=\"elementor-element elementor-element-f337134 elementor-widget elementor-widget-text-editor\" data-id=\"f337134\" data-element_type=\"widget\" data-widget_type=\"text-editor.default\">\n\t\t\t\t\t\t\t\t\t<ul><li data-start=\"989\" data-end=\"1044\">Avalia\u00e7\u00e3o detalhada dos processos;<\/li><li data-start=\"989\" data-end=\"1044\">Identifica\u00e7\u00e3o de falhas, desperd\u00edcios e inconformidades;<\/li><li data-start=\"989\" data-end=\"1044\">Conformidade com normas legais e boas pr\u00e1ticas assistenciais;<\/li><li data-start=\"989\" data-end=\"1044\">Apoio \u00e0 gest\u00e3o com dados e evid\u00eancias;<\/li><li data-start=\"989\" data-end=\"1044\">Foco na seguran\u00e7a do paciente e na sustentabilidade financeira.<\/li><li style=\"list-style-type: none;\">\u00a0<\/li><\/ul>\t\t\t\t\t\t\t\t<\/div>\n\t\t\t\t<\/div>\n\t\t<div class=\"elementor-element elementor-element-c233714 e-con-full e-flex e-con e-child\" data-id=\"c233714\" data-element_type=\"container\">\n\t\t\t\t<\/div>\n\t\t\t\t\t<\/div>\n\t\t\t\t<\/div>\n\t\t<div class=\"elementor-element elementor-element-af0533b e-flex e-con-boxed e-con e-parent\" data-id=\"af0533b\" data-element_type=\"container\">\n\t\t\t\t\t<div class=\"e-con-inner\">\n\t\t\t\t<div class=\"elementor-element elementor-element-2c682f9 elementor-widget elementor-widget-iheading\" data-id=\"2c682f9\" data-element_type=\"widget\" data-widget_type=\"iheading.default\">\n\t\t\t\t<div class=\"elementor-widget-container\">\n\t\t\t\t\t\t\t<div class=\"ot-heading\">\r\n\t        <h2 class=\"main-heading\">\ud83d\udc49 Garanta uma gest\u00e3o mais eficiente e segura!<\/h2>\t    <\/div>\r\n\t    \t\t\t\t<\/div>\n\t\t\t\t<\/div>\n\t\t\t\t\t<\/div>\n\t\t\t\t<\/div>\n\t\t<div class=\"elementor-element elementor-element-c700bca e-flex e-con-boxed e-con e-parent\" data-id=\"c700bca\" data-element_type=\"container\">\n\t\t\t\t\t<div class=\"e-con-inner\">\n\t\t\t\t<div class=\"elementor-element elementor-element-c1bbef6 elementor-widget elementor-widget-iheading\" data-id=\"c1bbef6\" data-element_type=\"widget\" data-widget_type=\"iheading.default\">\n\t\t\t\t<div class=\"elementor-widget-container\">\n\t\t\t\t\t\t\t<div class=\"ot-heading\">\r\n\t        \t            <span>Outros<\/span>\r\n\t        <h2 class=\"main-heading\">Servi\u00e7os<\/h2>\t    <\/div>\r\n\t    \t\t\t\t<\/div>\n\t\t\t\t<\/div>\n\t\t\t\t\t<\/div>\n\t\t\t\t<\/div>\n\t\t\t\t<section class=\"elementor-section elementor-top-section elementor-element elementor-element-e9a8cd6 ot-traditional elementor-section-boxed elementor-section-height-default elementor-section-height-default\" data-id=\"e9a8cd6\" data-element_type=\"section\">\n\t\t\t\t\t\t<div class=\"elementor-container elementor-column-gap-extended\">\n\t\t\t\t\t<div class=\"elementor-column elementor-col-33 elementor-top-column elementor-element elementor-element-71d47c4 ot-flex-column-vertical\" data-id=\"71d47c4\" data-element_type=\"column\">\n\t\t\t<div class=\"elementor-widget-wrap elementor-element-populated\">\n\t\t\t\t\t\t<div class=\"elementor-element elementor-element-b51c0b7 elementor-widget elementor-widget-isupport_box\" data-id=\"b51c0b7\" data-element_type=\"widget\" data-widget_type=\"isupport_box.default\">\n\t\t\t\t<div class=\"elementor-widget-container\">\n\t\t\t\t\t\r\n\t\t<div class=\"support-box\">\r\n\t\t\t<div class=\"inner-box\">\r\n\t\t\t\t<div class=\"overlay flex-middle\">\r\n\t\t\t\t\t<span class=\"number-box\">02<\/span>\r\n\t\t\t\t\t<div class=\"inner\">\r\n\t\t\t\t\t\t<p>- Apoio t\u00e9cnico personalizado para otimiza\u00e7\u00e3o de processos e fortalecimento da gest\u00e3o.<BR>\n- Alinhamento \u00e0s normas e boas pr\u00e1ticas.<\/p>\r\n\t\t\t\t\t\t<a href=\"https:\/\/spgestaoemsaude.andersonferro.com.br\/servicos\/assessoria\/\" class=\"btn-details\"><i class=\"flaticon-right-arrow-1\"><\/i> SAIBA MAIS<\/a>\r\n\t\t\t\t\t<\/div>\r\n\t\t\t\t<\/div>\r\n\t\t\t\t<div class=\"content-box\">\r\n\t\t\t\t\t<span class=\"number-box\">02<\/span>\r\n\t\t\t\t\t<h3>Assessoria Hospitalar<\/h3>\r\n\t\t\t\t\t<img decoding=\"async\" src=\"http:\/\/spgestaoemsaude.andersonferro.com.br\/wp-content\/uploads\/2025\/10\/galeria-de-fotos.jpg\" alt=\"Assessoria Hospitalar\">\r\n\t\t\t\t<\/div>\r\n\t\t\t<\/div>\r\n\t    <\/div>\r\n\r\n\t    \t\t\t\t<\/div>\n\t\t\t\t<\/div>\n\t\t\t\t\t<\/div>\n\t\t<\/div>\n\t\t\t\t<div class=\"elementor-column elementor-col-33 elementor-top-column elementor-element elementor-element-7b274a3 ot-flex-column-vertical\" data-id=\"7b274a3\" data-element_type=\"column\">\n\t\t\t<div class=\"elementor-widget-wrap elementor-element-populated\">\n\t\t\t\t\t\t<div class=\"elementor-element elementor-element-b9c8448 elementor-widget elementor-widget-isupport_box\" data-id=\"b9c8448\" data-element_type=\"widget\" data-widget_type=\"isupport_box.default\">\n\t\t\t\t<div class=\"elementor-widget-container\">\n\t\t\t\t\t\r\n\t\t<div class=\"support-box\">\r\n\t\t\t<div class=\"inner-box\">\r\n\t\t\t\t<div class=\"overlay flex-middle\">\r\n\t\t\t\t\t<span class=\"number-box\">03<\/span>\r\n\t\t\t\t\t<div class=\"inner\">\r\n\t\t\t\t\t\t<p>- Diagn\u00f3stico estrat\u00e9gico e recomenda\u00e7\u00f5es.<BR>\n- Ideal para reestrutura\u00e7\u00f5es e implanta\u00e7\u00e3o de novos processos.<\/p>\r\n\t\t\t\t\t\t<a href=\"https:\/\/spgestaoemsaude.andersonferro.com.br\/servicos\/consultoria\/\" class=\"btn-details\"><i class=\"flaticon-right-arrow-1\"><\/i> SAIBA MAIS<\/a>\r\n\t\t\t\t\t<\/div>\r\n\t\t\t\t<\/div>\r\n\t\t\t\t<div class=\"content-box\">\r\n\t\t\t\t\t<span class=\"number-box\">03<\/span>\r\n\t\t\t\t\t<h3>Consultoria Hospitalar<\/h3>\r\n\t\t\t\t\t<img decoding=\"async\" src=\"http:\/\/spgestaoemsaude.andersonferro.com.br\/wp-content\/uploads\/2025\/10\/galeria-de-fotos-3.jpg\" alt=\"Consultoria Hospitalar\">\r\n\t\t\t\t<\/div>\r\n\t\t\t<\/div>\r\n\t    <\/div>\r\n\r\n\t    \t\t\t\t<\/div>\n\t\t\t\t<\/div>\n\t\t\t\t\t<\/div>\n\t\t<\/div>\n\t\t\t\t<div class=\"elementor-column elementor-col-33 elementor-top-column elementor-element elementor-element-dd2fc17 ot-flex-column-vertical\" data-id=\"dd2fc17\" data-element_type=\"column\">\n\t\t\t<div class=\"elementor-widget-wrap elementor-element-populated\">\n\t\t\t\t\t\t<div class=\"elementor-element elementor-element-2ed06d1 elementor-widget elementor-widget-isupport_box\" data-id=\"2ed06d1\" data-element_type=\"widget\" data-widget_type=\"isupport_box.default\">\n\t\t\t\t<div class=\"elementor-widget-container\">\n\t\t\t\t\t\r\n\t\t<div class=\"support-box\">\r\n\t\t\t<div class=\"inner-box\">\r\n\t\t\t\t<div class=\"overlay flex-middle\">\r\n\t\t\t\t\t<span class=\"number-box\">04<\/span>\r\n\t\t\t\t\t<div class=\"inner\">\r\n\t\t\t\t\t\t<p>- Capacita\u00e7\u00e3o em protocolos assistenciais.<BR>\n- Seguran\u00e7a ao paciente e efici\u00eancia no atendimento.<\/p>\r\n\t\t\t\t\t\t<a href=\"https:\/\/spgestaoemsaude.andersonferro.com.br\/servicos\/treinamentos\/\" class=\"btn-details\"><i class=\"flaticon-right-arrow-1\"><\/i> SAIBA MAIS<\/a>\r\n\t\t\t\t\t<\/div>\r\n\t\t\t\t<\/div>\r\n\t\t\t\t<div class=\"content-box\">\r\n\t\t\t\t\t<span class=\"number-box\">04<\/span>\r\n\t\t\t\t\t<h3>Treinamentos<\/h3>\r\n\t\t\t\t\t<img decoding=\"async\" src=\"http:\/\/spgestaoemsaude.andersonferro.com.br\/wp-content\/uploads\/2025\/10\/galeria-de-fotos-2.jpg\" alt=\"Treinamentos\">\r\n\t\t\t\t<\/div>\r\n\t\t\t<\/div>\r\n\t    <\/div>\r\n\r\n\t    \t\t\t\t<\/div>\n\t\t\t\t<\/div>\n\t\t\t\t\t<\/div>\n\t\t<\/div>\n\t\t\t\t\t<\/div>\n\t\t<\/section>\n\t\t\t\t<\/div>\n\t\t","protected":false},"excerpt":{"rendered":"<p>\/\/ AUDITORIA HOSPITALAR Avalia\u00e7\u00e3o t\u00e9cnica para decis\u00f5es seguras e resultados sustent\u00e1veis A Auditoria Hospitalar \u00e9 uma ferramenta estrat\u00e9gica que garante qualidade, efici\u00eancia e conformidade nos servi\u00e7os de sa\u00fade.Por meio de uma an\u00e1lise criteriosa dos processos assistenciais e de qualidade, an\u00e1lise jur\u00eddica, financeira e cont\u00e1bil, identificamos oportunidades de melhoria, redu\u00e7\u00e3o de desperd\u00edcios e fortalecemos a gest\u00e3o [&hellip;]<\/p>\n","protected":false},"author":1,"featured_media":0,"parent":0,"menu_order":0,"comment_status":"closed","ping_status":"closed","template":"","meta":{"footnotes":""},"class_list":["post-2076","page","type-page","status-publish","hentry"],"_links":{"self":[{"href":"https:\/\/spgestaoemsaude.andersonferro.com.br\/index.php?rest_route=\/wp\/v2\/pages\/2076","targetHints":{"allow":["GET"]}}],"collection":[{"href":"https:\/\/spgestaoemsaude.andersonferro.com.br\/index.php?rest_route=\/wp\/v2\/pages"}],"about":[{"href":"https:\/\/spgestaoemsaude.andersonferro.com.br\/index.php?rest_route=\/wp\/v2\/types\/page"}],"author":[{"embeddable":true,"href":"https:\/\/spgestaoemsaude.andersonferro.com.br\/index.php?rest_route=\/wp\/v2\/users\/1"}],"replies":[{"embeddable":true,"href":"https:\/\/spgestaoemsaude.andersonferro.com.br\/index.php?rest_route=%2Fwp%2Fv2%2Fcomments&post=2076"}],"version-history":[{"count":38,"href":"https:\/\/spgestaoemsaude.andersonferro.com.br\/index.php?rest_route=\/wp\/v2\/pages\/2076\/revisions"}],"predecessor-version":[{"id":5710,"href":"https:\/\/spgestaoemsaude.andersonferro.com.br\/index.php?rest_route=\/wp\/v2\/pages\/2076\/revisions\/5710"}],"wp:attachment":[{"href":"https:\/\/spgestaoemsaude.andersonferro.com.br\/index.php?rest_route=%2Fwp%2Fv2%2Fmedia&parent=2076"}],"curies":[{"name":"wp","href":"https:\/\/api.w.org\/{rel}","templated":true}]}}