{"id":5191,"date":"2025-10-01T17:35:34","date_gmt":"2025-10-01T20:35:34","guid":{"rendered":"https:\/\/spgestaoemsaude.andersonferro.com.br\/?page_id=5191"},"modified":"2025-10-15T14:44:06","modified_gmt":"2025-10-15T17:44:06","slug":"consultoria","status":"publish","type":"page","link":"https:\/\/spgestaoemsaude.andersonferro.com.br\/?page_id=5191","title":{"rendered":"Consultoria"},"content":{"rendered":"\t\t<div data-elementor-type=\"wp-page\" data-elementor-id=\"5191\" class=\"elementor elementor-5191\">\n\t\t\t\t<div class=\"elementor-element elementor-element-7ff9c91 e-flex e-con-boxed e-con e-parent\" data-id=\"7ff9c91\" data-element_type=\"container\" data-settings=\"{&quot;background_background&quot;:&quot;classic&quot;}\">\n\t\t\t\t\t<div class=\"e-con-inner\">\n\t\t<div class=\"elementor-element elementor-element-80c2968 e-con-full e-flex e-con e-child\" data-id=\"80c2968\" data-element_type=\"container\">\n\t\t\t\t<div class=\"elementor-element elementor-element-8b3244e elementor-widget elementor-widget-image\" data-id=\"8b3244e\" data-element_type=\"widget\" data-widget_type=\"image.default\">\n\t\t\t\t\t\t\t\t\t\t\t\t\t\t\t<img fetchpriority=\"high\" decoding=\"async\" width=\"720\" height=\"720\" src=\"https:\/\/spgestaoemsaude.andersonferro.com.br\/wp-content\/uploads\/2025\/10\/galeria-de-fotos-3.jpg\" class=\"attachment-full size-full wp-image-5288\" alt=\"\" srcset=\"https:\/\/spgestaoemsaude.andersonferro.com.br\/wp-content\/uploads\/2025\/10\/galeria-de-fotos-3.jpg 720w, https:\/\/spgestaoemsaude.andersonferro.com.br\/wp-content\/uploads\/2025\/10\/galeria-de-fotos-3-300x300.jpg 300w, https:\/\/spgestaoemsaude.andersonferro.com.br\/wp-content\/uploads\/2025\/10\/galeria-de-fotos-3-150x150.jpg 150w\" sizes=\"(max-width: 720px) 100vw, 720px\" \/>\t\t\t\t\t\t\t\t\t\t\t\t\t\t\t<\/div>\n\t\t\t\t<\/div>\n\t\t<div class=\"elementor-element elementor-element-59f23b4 e-con-full e-flex e-con e-child\" data-id=\"59f23b4\" data-element_type=\"container\">\n\t\t\t\t<div class=\"elementor-element elementor-element-4174257 elementor-widget elementor-widget-iheading\" data-id=\"4174257\" data-element_type=\"widget\" data-widget_type=\"iheading.default\">\n\t\t\t\t<div class=\"elementor-widget-container\">\n\t\t\t\t\t\t\t<div class=\"ot-heading\">\r\n\t        \t            <span>\/\/ CONSULTORIA ao<\/span>\r\n\t        <h2 class=\"main-heading\">Terceiro Setor, <BR>Institui\u00e7\u00f5es Filantr\u00f3picas, <BR>Organiza\u00e7\u00f5es Sociais de <BR>Sa\u00fade, Hospitais e Munic\u00edpios<\/h2>\t    <\/div>\r\n\t    \t\t\t\t<\/div>\n\t\t\t\t<\/div>\n\t\t\t\t<div class=\"elementor-element elementor-element-187ad0b elementor-widget elementor-widget-heading\" data-id=\"187ad0b\" data-element_type=\"widget\" data-widget_type=\"heading.default\">\n\t\t\t\t\t<h6 class=\"elementor-heading-title elementor-size-default\">Diagn\u00f3stico estrat\u00e9gico e solu\u00e7\u00f5es sob medida<\/h6>\t\t\t\t<\/div>\n\t\t\t\t<div class=\"elementor-element elementor-element-26f4720 elementor-widget elementor-widget-text-editor\" data-id=\"26f4720\" data-element_type=\"widget\" data-widget_type=\"text-editor.default\">\n\t\t\t\t\t\t\t\t\t<p data-start=\"2576\" data-end=\"2945\">A <strong data-start=\"2578\" data-end=\"2593\">Consultoria<\/strong> tem car\u00e1ter pontual e anal\u00edtico, ideal para institui\u00e7\u00f5es que buscam <strong data-start=\"2662\" data-end=\"2686\">solu\u00e7\u00f5es espec\u00edficas<\/strong> para desafios de gest\u00e3o, sustentabilidade e conformidade.<br \/><br \/>Por meio de uma equipe multidisciplinar, nossa consultoria identifica oportunidades de melhoria em \u00e1reas como faturamento, gest\u00e3o de custos, processos administrativos, regula\u00e7\u00e3o, controle de glosas, indicadores de desempenho e conformidade com normas regulat\u00f3rias.<br \/>Nosso foco \u00e9 oferecer <strong data-start=\"2969\" data-end=\"3007\">orienta\u00e7\u00f5es objetivas e aplic\u00e1veis<\/strong>, sempre alinhadas \u00e0 miss\u00e3o social da institui\u00e7\u00e3o e aos princ\u00edpios de transpar\u00eancia e efici\u00eancia.<\/p>\t\t\t\t\t\t\t\t<\/div>\n\t\t\t\t<\/div>\n\t\t\t\t\t<\/div>\n\t\t\t\t<\/div>\n\t\t<div class=\"elementor-element elementor-element-40cc8ab e-flex e-con-boxed e-con e-parent\" data-id=\"40cc8ab\" data-element_type=\"container\">\n\t\t\t\t\t<div class=\"e-con-inner\">\n\t\t\t\t<div class=\"elementor-element elementor-element-9447138 elementor-widget elementor-widget-iheading\" data-id=\"9447138\" data-element_type=\"widget\" data-widget_type=\"iheading.default\">\n\t\t\t\t<div class=\"elementor-widget-container\">\n\t\t\t\t\t\t\t<div class=\"ot-heading\">\r\n\t        \t            <span>Como podemos ajudar<\/span>\r\n\t        <h2 class=\"main-heading\">sua institui\u00e7\u00e3o<\/h2>\t    <\/div>\r\n\t    \t\t\t\t<\/div>\n\t\t\t\t<\/div>\n\t\t\t\t\t<\/div>\n\t\t\t\t<\/div>\n\t\t<div class=\"elementor-element elementor-element-9c5cd52 e-flex e-con-boxed e-con e-parent\" data-id=\"9c5cd52\" data-element_type=\"container\">\n\t\t\t\t\t<div class=\"e-con-inner\">\n\t\t<div class=\"elementor-element elementor-element-c44d38a e-con-full e-flex e-con e-child\" data-id=\"c44d38a\" data-element_type=\"container\">\n\t\t\t\t<\/div>\n\t\t<div class=\"elementor-element elementor-element-dd23ff0 e-con-full e-flex e-con e-child\" data-id=\"dd23ff0\" data-element_type=\"container\">\n\t\t\t\t<div class=\"elementor-element elementor-element-9eaea10 elementor-widget elementor-widget-text-editor\" data-id=\"9eaea10\" data-element_type=\"widget\" data-widget_type=\"text-editor.default\">\n\t\t\t\t\t\t\t\t\t<ul><li data-start=\"3155\" data-end=\"3204\">Reestrutura\u00e7\u00e3o de setores e fluxos de trabalho;<\/li><li data-start=\"3155\" data-end=\"3204\">Revis\u00e3o de contratos e processos administrativos;<\/li><li data-start=\"3155\" data-end=\"3204\">Implanta\u00e7\u00e3o de novos sistemas e rotinas de gest\u00e3o;<\/li><li data-start=\"3155\" data-end=\"3204\">Adequa\u00e7\u00e3o \u00e0s normas regulat\u00f3rias e legais;<\/li><li data-start=\"3155\" data-end=\"3204\">Planejamento estrat\u00e9gico e sustentabilidade organizacional.<\/li><li style=\"list-style-type: none;\">\u00a0<\/li><\/ul>\t\t\t\t\t\t\t\t<\/div>\n\t\t\t\t<\/div>\n\t\t<div class=\"elementor-element elementor-element-714f466 e-con-full e-flex e-con e-child\" data-id=\"714f466\" data-element_type=\"container\">\n\t\t\t\t<\/div>\n\t\t\t\t\t<\/div>\n\t\t\t\t<\/div>\n\t\t<div class=\"elementor-element elementor-element-6fda69a e-flex e-con-boxed e-con e-parent\" data-id=\"6fda69a\" data-element_type=\"container\">\n\t\t\t\t\t<div class=\"e-con-inner\">\n\t\t\t\t<div class=\"elementor-element elementor-element-737f24a elementor-widget elementor-widget-iheading\" data-id=\"737f24a\" data-element_type=\"widget\" data-widget_type=\"iheading.default\">\n\t\t\t\t<div class=\"elementor-widget-container\">\n\t\t\t\t\t\t\t<div class=\"ot-heading\">\r\n\t        <h2 class=\"main-heading\">\ud83d\udc49 \u00c9 ideal para institui\u00e7\u00f5es que buscam solu\u00e7\u00f5es espec\u00edficas, como reestrutura\u00e7\u00e3o de setores, revis\u00e3o de contratos, implanta\u00e7\u00e3o de novos processos ou adequa\u00e7\u00e3o a normas regulat\u00f3rias.<\/h2>\t    <\/div>\r\n\t    \t\t\t\t<\/div>\n\t\t\t\t<\/div>\n\t\t\t\t\t<\/div>\n\t\t\t\t<\/div>\n\t\t<div class=\"elementor-element elementor-element-b01a303 e-flex e-con-boxed e-con e-parent\" data-id=\"b01a303\" data-element_type=\"container\">\n\t\t\t\t\t<div class=\"e-con-inner\">\n\t\t\t\t<div class=\"elementor-element elementor-element-0650ec0 elementor-widget elementor-widget-iheading\" data-id=\"0650ec0\" data-element_type=\"widget\" data-widget_type=\"iheading.default\">\n\t\t\t\t<div class=\"elementor-widget-container\">\n\t\t\t\t\t\t\t<div class=\"ot-heading\">\r\n\t        \t            <span>Outros<\/span>\r\n\t        <h2 class=\"main-heading\">Servi\u00e7os<\/h2>\t    <\/div>\r\n\t    \t\t\t\t<\/div>\n\t\t\t\t<\/div>\n\t\t\t\t\t<\/div>\n\t\t\t\t<\/div>\n\t\t\t\t<section class=\"elementor-section elementor-top-section elementor-element elementor-element-36038e0 ot-traditional elementor-section-boxed elementor-section-height-default elementor-section-height-default\" data-id=\"36038e0\" data-element_type=\"section\">\n\t\t\t\t\t\t<div class=\"elementor-container elementor-column-gap-extended\">\n\t\t\t\t\t<div class=\"elementor-column elementor-col-33 elementor-top-column elementor-element elementor-element-d6f0576 ot-flex-column-vertical\" data-id=\"d6f0576\" data-element_type=\"column\">\n\t\t\t<div class=\"elementor-widget-wrap elementor-element-populated\">\n\t\t\t\t\t\t<div class=\"elementor-element elementor-element-9220ef8 elementor-widget elementor-widget-isupport_box\" data-id=\"9220ef8\" data-element_type=\"widget\" data-widget_type=\"isupport_box.default\">\n\t\t\t\t<div class=\"elementor-widget-container\">\n\t\t\t\t\t\r\n\t\t<div class=\"support-box\">\r\n\t\t\t<div class=\"inner-box\">\r\n\t\t\t\t<div class=\"overlay flex-middle\">\r\n\t\t\t\t\t<span class=\"number-box\">01<\/span>\r\n\t\t\t\t\t<div class=\"inner\">\r\n\t\t\t\t\t\t<p>- An\u00e1lises assistenciais, jur\u00eddicas e cont\u00e1beis.<br> \n- Seguran\u00e7a na qualidade do atendimento e efici\u00eancia na utiliza\u00e7\u00e3o dos recursos.<\/p>\r\n\t\t\t\t\t\t<a href=\"https:\/\/spgestaoemsaude.andersonferro.com.br\/servicos\/auditoria-hospitalar\/\" class=\"btn-details\"><i class=\"flaticon-right-arrow-1\"><\/i> SAIBA MAIS<\/a>\r\n\t\t\t\t\t<\/div>\r\n\t\t\t\t<\/div>\r\n\t\t\t\t<div class=\"content-box\">\r\n\t\t\t\t\t<span class=\"number-box\">01<\/span>\r\n\t\t\t\t\t<h3>Auditoria Hospitalar<\/h3>\r\n\t\t\t\t\t<img decoding=\"async\" src=\"http:\/\/spgestaoemsaude.andersonferro.com.br\/wp-content\/uploads\/2025\/10\/galeria-de-fotos-4.jpg\" alt=\"Auditoria Hospitalar\">\r\n\t\t\t\t<\/div>\r\n\t\t\t<\/div>\r\n\t    <\/div>\r\n\r\n\t    \t\t\t\t<\/div>\n\t\t\t\t<\/div>\n\t\t\t\t\t<\/div>\n\t\t<\/div>\n\t\t\t\t<div class=\"elementor-column elementor-col-33 elementor-top-column elementor-element elementor-element-6482732 ot-flex-column-vertical\" data-id=\"6482732\" data-element_type=\"column\">\n\t\t\t<div class=\"elementor-widget-wrap elementor-element-populated\">\n\t\t\t\t\t\t<div class=\"elementor-element elementor-element-a6e702f elementor-widget elementor-widget-isupport_box\" data-id=\"a6e702f\" data-element_type=\"widget\" data-widget_type=\"isupport_box.default\">\n\t\t\t\t<div class=\"elementor-widget-container\">\n\t\t\t\t\t\r\n\t\t<div class=\"support-box\">\r\n\t\t\t<div class=\"inner-box\">\r\n\t\t\t\t<div class=\"overlay flex-middle\">\r\n\t\t\t\t\t<span class=\"number-box\">02<\/span>\r\n\t\t\t\t\t<div class=\"inner\">\r\n\t\t\t\t\t\t<p>- Apoio t\u00e9cnico personalizado para otimiza\u00e7\u00e3o de processos e fortalecimento da gest\u00e3o.<BR>\n- Alinhamento \u00e0s normas e boas pr\u00e1ticas.<\/p>\r\n\t\t\t\t\t\t<a href=\"https:\/\/spgestaoemsaude.andersonferro.com.br\/servicos\/assessoria\/\" class=\"btn-details\"><i class=\"flaticon-right-arrow-1\"><\/i> SAIBA MAIS<\/a>\r\n\t\t\t\t\t<\/div>\r\n\t\t\t\t<\/div>\r\n\t\t\t\t<div class=\"content-box\">\r\n\t\t\t\t\t<span class=\"number-box\">02<\/span>\r\n\t\t\t\t\t<h3>Assessoria Hospitalar<\/h3>\r\n\t\t\t\t\t<img decoding=\"async\" src=\"http:\/\/spgestaoemsaude.andersonferro.com.br\/wp-content\/uploads\/2025\/10\/galeria-de-fotos.jpg\" alt=\"Assessoria Hospitalar\">\r\n\t\t\t\t<\/div>\r\n\t\t\t<\/div>\r\n\t    <\/div>\r\n\r\n\t    \t\t\t\t<\/div>\n\t\t\t\t<\/div>\n\t\t\t\t\t<\/div>\n\t\t<\/div>\n\t\t\t\t<div class=\"elementor-column elementor-col-33 elementor-top-column elementor-element elementor-element-e15bc9b ot-flex-column-vertical\" data-id=\"e15bc9b\" data-element_type=\"column\">\n\t\t\t<div class=\"elementor-widget-wrap elementor-element-populated\">\n\t\t\t\t\t\t<div class=\"elementor-element elementor-element-33aaa7b elementor-widget elementor-widget-isupport_box\" data-id=\"33aaa7b\" data-element_type=\"widget\" data-widget_type=\"isupport_box.default\">\n\t\t\t\t<div class=\"elementor-widget-container\">\n\t\t\t\t\t\r\n\t\t<div class=\"support-box\">\r\n\t\t\t<div class=\"inner-box\">\r\n\t\t\t\t<div class=\"overlay flex-middle\">\r\n\t\t\t\t\t<span class=\"number-box\">04<\/span>\r\n\t\t\t\t\t<div class=\"inner\">\r\n\t\t\t\t\t\t<p>- Capacita\u00e7\u00e3o em protocolos assistenciais.<BR>\n- Seguran\u00e7a ao paciente e efici\u00eancia no atendimento.<\/p>\r\n\t\t\t\t\t\t<a href=\"https:\/\/spgestaoemsaude.andersonferro.com.br\/servicos\/treinamentos\/\" class=\"btn-details\"><i class=\"flaticon-right-arrow-1\"><\/i> SAIBA MAIS<\/a>\r\n\t\t\t\t\t<\/div>\r\n\t\t\t\t<\/div>\r\n\t\t\t\t<div class=\"content-box\">\r\n\t\t\t\t\t<span class=\"number-box\">04<\/span>\r\n\t\t\t\t\t<h3>Treinamentos<\/h3>\r\n\t\t\t\t\t<img decoding=\"async\" src=\"http:\/\/spgestaoemsaude.andersonferro.com.br\/wp-content\/uploads\/2025\/10\/galeria-de-fotos-2.jpg\" alt=\"Treinamentos\">\r\n\t\t\t\t<\/div>\r\n\t\t\t<\/div>\r\n\t    <\/div>\r\n\r\n\t    \t\t\t\t<\/div>\n\t\t\t\t<\/div>\n\t\t\t\t\t<\/div>\n\t\t<\/div>\n\t\t\t\t\t<\/div>\n\t\t<\/section>\n\t\t\t\t<\/div>\n\t\t","protected":false},"excerpt":{"rendered":"<p>\/\/ CONSULTORIA ao Terceiro Setor, Institui\u00e7\u00f5es Filantr\u00f3picas, Organiza\u00e7\u00f5es Sociais de Sa\u00fade, Hospitais e Munic\u00edpios Diagn\u00f3stico estrat\u00e9gico e solu\u00e7\u00f5es sob medida A Consultoria tem car\u00e1ter pontual e anal\u00edtico, ideal para institui\u00e7\u00f5es que buscam solu\u00e7\u00f5es espec\u00edficas para desafios de gest\u00e3o, sustentabilidade e conformidade. Por meio de uma equipe multidisciplinar, nossa consultoria identifica oportunidades de melhoria em \u00e1reas [&hellip;]<\/p>\n","protected":false},"author":1,"featured_media":0,"parent":0,"menu_order":0,"comment_status":"closed","ping_status":"closed","template":"","meta":{"footnotes":""},"class_list":["post-5191","page","type-page","status-publish","hentry"],"_links":{"self":[{"href":"https:\/\/spgestaoemsaude.andersonferro.com.br\/index.php?rest_route=\/wp\/v2\/pages\/5191","targetHints":{"allow":["GET"]}}],"collection":[{"href":"https:\/\/spgestaoemsaude.andersonferro.com.br\/index.php?rest_route=\/wp\/v2\/pages"}],"about":[{"href":"https:\/\/spgestaoemsaude.andersonferro.com.br\/index.php?rest_route=\/wp\/v2\/types\/page"}],"author":[{"embeddable":true,"href":"https:\/\/spgestaoemsaude.andersonferro.com.br\/index.php?rest_route=\/wp\/v2\/users\/1"}],"replies":[{"embeddable":true,"href":"https:\/\/spgestaoemsaude.andersonferro.com.br\/index.php?rest_route=%2Fwp%2Fv2%2Fcomments&post=5191"}],"version-history":[{"count":47,"href":"https:\/\/spgestaoemsaude.andersonferro.com.br\/index.php?rest_route=\/wp\/v2\/pages\/5191\/revisions"}],"predecessor-version":[{"id":5707,"href":"https:\/\/spgestaoemsaude.andersonferro.com.br\/index.php?rest_route=\/wp\/v2\/pages\/5191\/revisions\/5707"}],"wp:attachment":[{"href":"https:\/\/spgestaoemsaude.andersonferro.com.br\/index.php?rest_route=%2Fwp%2Fv2%2Fmedia&parent=5191"}],"curies":[{"name":"wp","href":"https:\/\/api.w.org\/{rel}","templated":true}]}}