{"id":5192,"date":"2025-10-01T17:34:48","date_gmt":"2025-10-01T20:34:48","guid":{"rendered":"https:\/\/spgestaoemsaude.andersonferro.com.br\/?page_id=5192"},"modified":"2025-10-15T14:44:03","modified_gmt":"2025-10-15T17:44:03","slug":"treinamentos","status":"publish","type":"page","link":"https:\/\/spgestaoemsaude.andersonferro.com.br\/?page_id=5192","title":{"rendered":"Treinamentos"},"content":{"rendered":"\t\t<div data-elementor-type=\"wp-page\" data-elementor-id=\"5192\" class=\"elementor elementor-5192\">\n\t\t\t\t<div class=\"elementor-element elementor-element-ada022c e-flex e-con-boxed e-con e-parent\" data-id=\"ada022c\" data-element_type=\"container\" data-settings=\"{&quot;background_background&quot;:&quot;classic&quot;}\">\n\t\t\t\t\t<div class=\"e-con-inner\">\n\t\t<div class=\"elementor-element elementor-element-6654f69 e-con-full e-flex e-con e-child\" data-id=\"6654f69\" data-element_type=\"container\">\n\t\t\t\t<div class=\"elementor-element elementor-element-a714b82 elementor-widget elementor-widget-image\" data-id=\"a714b82\" data-element_type=\"widget\" data-widget_type=\"image.default\">\n\t\t\t\t\t\t\t\t\t\t\t\t\t\t\t<img fetchpriority=\"high\" decoding=\"async\" width=\"720\" height=\"720\" src=\"https:\/\/spgestaoemsaude.andersonferro.com.br\/wp-content\/uploads\/2025\/10\/galeria-de-fotos-2.jpg\" class=\"attachment-full size-full wp-image-5293\" alt=\"\" srcset=\"https:\/\/spgestaoemsaude.andersonferro.com.br\/wp-content\/uploads\/2025\/10\/galeria-de-fotos-2.jpg 720w, https:\/\/spgestaoemsaude.andersonferro.com.br\/wp-content\/uploads\/2025\/10\/galeria-de-fotos-2-300x300.jpg 300w, https:\/\/spgestaoemsaude.andersonferro.com.br\/wp-content\/uploads\/2025\/10\/galeria-de-fotos-2-150x150.jpg 150w\" sizes=\"(max-width: 720px) 100vw, 720px\" \/>\t\t\t\t\t\t\t\t\t\t\t\t\t\t\t<\/div>\n\t\t\t\t<\/div>\n\t\t<div class=\"elementor-element elementor-element-68cb214 e-con-full e-flex e-con e-child\" data-id=\"68cb214\" data-element_type=\"container\">\n\t\t\t\t<div class=\"elementor-element elementor-element-74340a0 elementor-widget elementor-widget-iheading\" data-id=\"74340a0\" data-element_type=\"widget\" data-widget_type=\"iheading.default\">\n\t\t\t\t<div class=\"elementor-widget-container\">\n\t\t\t\t\t\t\t<div class=\"ot-heading\">\r\n\t        \t            <span>\/\/ TREINAMENTOS<\/span>\r\n\t        <h2 class=\"main-heading\">CAPACITA\u00c7\u00c3O T\u00c9CNICA<\/h2>\t    <\/div>\r\n\t    \t\t\t\t<\/div>\n\t\t\t\t<\/div>\n\t\t\t\t<div class=\"elementor-element elementor-element-c8f4d15 elementor-widget elementor-widget-heading\" data-id=\"c8f4d15\" data-element_type=\"widget\" data-widget_type=\"heading.default\">\n\t\t\t\t\t<h6 class=\"elementor-heading-title elementor-size-default\">Para equipes mais seguras e eficientes<\/h6>\t\t\t\t<\/div>\n\t\t\t\t<div class=\"elementor-element elementor-element-b46076a elementor-widget elementor-widget-text-editor\" data-id=\"b46076a\" data-element_type=\"widget\" data-widget_type=\"text-editor.default\">\n\t\t\t\t\t\t\t\t\t<p data-start=\"3615\" data-end=\"3985\">Os <strong data-start=\"3618\" data-end=\"3656\">Treinamentos da SP Gest\u00e3o em Sa\u00fade<\/strong> t\u00eam como objetivo <strong data-start=\"3675\" data-end=\"3711\">capacitar profissionais de sa\u00fade<\/strong> na aplica\u00e7\u00e3o correta e padronizada de <strong data-start=\"3750\" data-end=\"3778\">protocolos assistenciais<\/strong> e boas pr\u00e1ticas de cuidado.<\/p><p>Com uma metodologia pr\u00e1tica e interativa, capacitamos profissionais para aplicarem protocolos de forma efetiva no dia a dia, contribuindo diretamente para a excel\u00eancia do atendimento.<\/p><p data-start=\"3987\" data-end=\"4110\">Nossos treinamentos s\u00e3o elaborados por especialistas e <strong data-start=\"4036\" data-end=\"4107\">personalizados \u00e0 realidade e as necessidades de cada institui\u00e7\u00e3o, <\/strong>garantindo que profissionais de sa\u00fade atuem de forma <strong>padronizada, segura e eficiente.<\/strong><\/p>\t\t\t\t\t\t\t\t<\/div>\n\t\t\t\t<\/div>\n\t\t\t\t\t<\/div>\n\t\t\t\t<\/div>\n\t\t<div class=\"elementor-element elementor-element-7d853dc e-flex e-con-boxed e-con e-parent\" data-id=\"7d853dc\" data-element_type=\"container\">\n\t\t\t\t\t<div class=\"e-con-inner\">\n\t\t\t\t<div class=\"elementor-element elementor-element-67e1c2a elementor-widget elementor-widget-iheading\" data-id=\"67e1c2a\" data-element_type=\"widget\" data-widget_type=\"iheading.default\">\n\t\t\t\t<div class=\"elementor-widget-container\">\n\t\t\t\t\t\t\t<div class=\"ot-heading\">\r\n\t        \t            <span>Nossos<\/span>\r\n\t        <h2 class=\"main-heading\">Diferenciais<\/h2>\t    <\/div>\r\n\t    \t\t\t\t<\/div>\n\t\t\t\t<\/div>\n\t\t\t\t\t<\/div>\n\t\t\t\t<\/div>\n\t\t<div class=\"elementor-element elementor-element-bfa5228 e-flex e-con-boxed e-con e-parent\" data-id=\"bfa5228\" data-element_type=\"container\">\n\t\t\t\t\t<div class=\"e-con-inner\">\n\t\t<div class=\"elementor-element elementor-element-7b35b31 e-con-full e-flex e-con e-child\" data-id=\"7b35b31\" data-element_type=\"container\">\n\t\t\t\t<\/div>\n\t\t<div class=\"elementor-element elementor-element-f2f7486 e-con-full e-flex e-con e-child\" data-id=\"f2f7486\" data-element_type=\"container\">\n\t\t\t\t<div class=\"elementor-element elementor-element-91f75e3 elementor-widget elementor-widget-text-editor\" data-id=\"91f75e3\" data-element_type=\"widget\" data-widget_type=\"text-editor.default\">\n\t\t\t\t\t\t\t\t\t<ul><li data-start=\"4149\" data-end=\"4212\"><p data-start=\"4151\" data-end=\"4212\">Atualiza\u00e7\u00e3o das equipes em pr\u00e1ticas baseadas em evid\u00eancias;<\/p><\/li><li data-start=\"4213\" data-end=\"4276\"><p data-start=\"4215\" data-end=\"4276\">Padroniza\u00e7\u00e3o de condutas e redu\u00e7\u00e3o de falhas assistenciais;<\/p><\/li><li data-start=\"4277\" data-end=\"4332\"><p data-start=\"4279\" data-end=\"4332\">Fortalecimento da cultura de seguran\u00e7a do paciente;<\/p><\/li><li data-start=\"4333\" data-end=\"4398\"><p data-start=\"4335\" data-end=\"4398\">Melhoria dos resultados institucionais e do cuidado prestado.<\/p><\/li><\/ul>\t\t\t\t\t\t\t\t<\/div>\n\t\t\t\t<\/div>\n\t\t<div class=\"elementor-element elementor-element-7f55683 e-con-full e-flex e-con e-child\" data-id=\"7f55683\" data-element_type=\"container\">\n\t\t\t\t<\/div>\n\t\t\t\t\t<\/div>\n\t\t\t\t<\/div>\n\t\t<div class=\"elementor-element elementor-element-7d2a43d e-flex e-con-boxed e-con e-parent\" data-id=\"7d2a43d\" data-element_type=\"container\">\n\t\t\t\t\t<div class=\"e-con-inner\">\n\t\t\t\t<div class=\"elementor-element elementor-element-f510282 elementor-widget elementor-widget-iheading\" data-id=\"f510282\" data-element_type=\"widget\" data-widget_type=\"iheading.default\">\n\t\t\t\t<div class=\"elementor-widget-container\">\n\t\t\t\t\t\t\t<div class=\"ot-heading\">\r\n\t        <h2 class=\"main-heading\">\ud83d\udc49 Invista na capacita\u00e7\u00e3o da sua equipe!<\/h2>\t    <\/div>\r\n\t    \t\t\t\t<\/div>\n\t\t\t\t<\/div>\n\t\t\t\t\t<\/div>\n\t\t\t\t<\/div>\n\t\t<div class=\"elementor-element elementor-element-8d98bf8 e-flex e-con-boxed e-con e-parent\" data-id=\"8d98bf8\" data-element_type=\"container\">\n\t\t\t\t\t<div class=\"e-con-inner\">\n\t\t\t\t<div class=\"elementor-element elementor-element-f09f599 elementor-widget elementor-widget-iheading\" data-id=\"f09f599\" data-element_type=\"widget\" data-widget_type=\"iheading.default\">\n\t\t\t\t<div class=\"elementor-widget-container\">\n\t\t\t\t\t\t\t<div class=\"ot-heading\">\r\n\t        \t            <span>Outros<\/span>\r\n\t        <h2 class=\"main-heading\">Servi\u00e7os<\/h2>\t    <\/div>\r\n\t    \t\t\t\t<\/div>\n\t\t\t\t<\/div>\n\t\t\t\t\t<\/div>\n\t\t\t\t<\/div>\n\t\t\t\t<section class=\"elementor-section elementor-top-section elementor-element elementor-element-47f05f5 ot-traditional elementor-section-boxed elementor-section-height-default elementor-section-height-default\" data-id=\"47f05f5\" data-element_type=\"section\">\n\t\t\t\t\t\t<div class=\"elementor-container elementor-column-gap-extended\">\n\t\t\t\t\t<div class=\"elementor-column elementor-col-33 elementor-top-column elementor-element elementor-element-bb3e945 ot-flex-column-vertical\" data-id=\"bb3e945\" data-element_type=\"column\">\n\t\t\t<div class=\"elementor-widget-wrap elementor-element-populated\">\n\t\t\t\t\t\t<div class=\"elementor-element elementor-element-d0ed4ed elementor-widget elementor-widget-isupport_box\" data-id=\"d0ed4ed\" data-element_type=\"widget\" data-widget_type=\"isupport_box.default\">\n\t\t\t\t<div class=\"elementor-widget-container\">\n\t\t\t\t\t\r\n\t\t<div class=\"support-box\">\r\n\t\t\t<div class=\"inner-box\">\r\n\t\t\t\t<div class=\"overlay flex-middle\">\r\n\t\t\t\t\t<span class=\"number-box\">01<\/span>\r\n\t\t\t\t\t<div class=\"inner\">\r\n\t\t\t\t\t\t<p>- An\u00e1lises assistenciais, jur\u00eddicas e cont\u00e1beis.<br> \n- Seguran\u00e7a na qualidade do atendimento e efici\u00eancia na utiliza\u00e7\u00e3o dos recursos.<\/p>\r\n\t\t\t\t\t\t<a href=\"https:\/\/spgestaoemsaude.andersonferro.com.br\/servicos\/auditoria-hospitalar\/\" class=\"btn-details\"><i class=\"flaticon-right-arrow-1\"><\/i> SAIBA MAIS<\/a>\r\n\t\t\t\t\t<\/div>\r\n\t\t\t\t<\/div>\r\n\t\t\t\t<div class=\"content-box\">\r\n\t\t\t\t\t<span class=\"number-box\">01<\/span>\r\n\t\t\t\t\t<h3>Auditoria Hospitalar<\/h3>\r\n\t\t\t\t\t<img decoding=\"async\" src=\"http:\/\/spgestaoemsaude.andersonferro.com.br\/wp-content\/uploads\/2025\/10\/galeria-de-fotos-4.jpg\" alt=\"Auditoria Hospitalar\">\r\n\t\t\t\t<\/div>\r\n\t\t\t<\/div>\r\n\t    <\/div>\r\n\r\n\t    \t\t\t\t<\/div>\n\t\t\t\t<\/div>\n\t\t\t\t\t<\/div>\n\t\t<\/div>\n\t\t\t\t<div class=\"elementor-column elementor-col-33 elementor-top-column elementor-element elementor-element-bc53b6c ot-flex-column-vertical\" data-id=\"bc53b6c\" data-element_type=\"column\">\n\t\t\t<div class=\"elementor-widget-wrap elementor-element-populated\">\n\t\t\t\t\t\t<div class=\"elementor-element elementor-element-53d9ee2 elementor-widget elementor-widget-isupport_box\" data-id=\"53d9ee2\" data-element_type=\"widget\" data-widget_type=\"isupport_box.default\">\n\t\t\t\t<div class=\"elementor-widget-container\">\n\t\t\t\t\t\r\n\t\t<div class=\"support-box\">\r\n\t\t\t<div class=\"inner-box\">\r\n\t\t\t\t<div class=\"overlay flex-middle\">\r\n\t\t\t\t\t<span class=\"number-box\">02<\/span>\r\n\t\t\t\t\t<div class=\"inner\">\r\n\t\t\t\t\t\t<p>- Apoio t\u00e9cnico personalizado para otimiza\u00e7\u00e3o de processos e fortalecimento da gest\u00e3o.<BR>\n- Alinhamento \u00e0s normas e boas pr\u00e1ticas.<\/p>\r\n\t\t\t\t\t\t<a href=\"https:\/\/spgestaoemsaude.andersonferro.com.br\/servicos\/assessoria\/\" class=\"btn-details\"><i class=\"flaticon-right-arrow-1\"><\/i> SAIBA MAIS<\/a>\r\n\t\t\t\t\t<\/div>\r\n\t\t\t\t<\/div>\r\n\t\t\t\t<div class=\"content-box\">\r\n\t\t\t\t\t<span class=\"number-box\">02<\/span>\r\n\t\t\t\t\t<h3>Assessoria Hospitalar<\/h3>\r\n\t\t\t\t\t<img decoding=\"async\" src=\"http:\/\/spgestaoemsaude.andersonferro.com.br\/wp-content\/uploads\/2025\/10\/galeria-de-fotos.jpg\" alt=\"Assessoria Hospitalar\">\r\n\t\t\t\t<\/div>\r\n\t\t\t<\/div>\r\n\t    <\/div>\r\n\r\n\t    \t\t\t\t<\/div>\n\t\t\t\t<\/div>\n\t\t\t\t\t<\/div>\n\t\t<\/div>\n\t\t\t\t<div class=\"elementor-column elementor-col-33 elementor-top-column elementor-element elementor-element-21222eb ot-flex-column-vertical\" data-id=\"21222eb\" data-element_type=\"column\">\n\t\t\t<div class=\"elementor-widget-wrap elementor-element-populated\">\n\t\t\t\t\t\t<div class=\"elementor-element elementor-element-8ffe05d elementor-widget elementor-widget-isupport_box\" data-id=\"8ffe05d\" data-element_type=\"widget\" data-widget_type=\"isupport_box.default\">\n\t\t\t\t<div class=\"elementor-widget-container\">\n\t\t\t\t\t\r\n\t\t<div class=\"support-box\">\r\n\t\t\t<div class=\"inner-box\">\r\n\t\t\t\t<div class=\"overlay flex-middle\">\r\n\t\t\t\t\t<span class=\"number-box\">03<\/span>\r\n\t\t\t\t\t<div class=\"inner\">\r\n\t\t\t\t\t\t<p>- Diagn\u00f3stico estrat\u00e9gico e recomenda\u00e7\u00f5es.<BR>\n- Ideal para reestrutura\u00e7\u00f5es e implanta\u00e7\u00e3o de novos processos.<\/p>\r\n\t\t\t\t\t\t<a href=\"https:\/\/spgestaoemsaude.andersonferro.com.br\/servicos\/consultoria\/\" class=\"btn-details\"><i class=\"flaticon-right-arrow-1\"><\/i> SAIBA MAIS<\/a>\r\n\t\t\t\t\t<\/div>\r\n\t\t\t\t<\/div>\r\n\t\t\t\t<div class=\"content-box\">\r\n\t\t\t\t\t<span class=\"number-box\">03<\/span>\r\n\t\t\t\t\t<h3>Consultoria Hospitalar<\/h3>\r\n\t\t\t\t\t<img decoding=\"async\" src=\"http:\/\/spgestaoemsaude.andersonferro.com.br\/wp-content\/uploads\/2025\/10\/galeria-de-fotos-3.jpg\" alt=\"Consultoria Hospitalar\">\r\n\t\t\t\t<\/div>\r\n\t\t\t<\/div>\r\n\t    <\/div>\r\n\r\n\t    \t\t\t\t<\/div>\n\t\t\t\t<\/div>\n\t\t\t\t\t<\/div>\n\t\t<\/div>\n\t\t\t\t\t<\/div>\n\t\t<\/section>\n\t\t\t\t<\/div>\n\t\t","protected":false},"excerpt":{"rendered":"<p>\/\/ TREINAMENTOS CAPACITA\u00c7\u00c3O T\u00c9CNICA Para equipes mais seguras e eficientes Os Treinamentos da SP Gest\u00e3o em Sa\u00fade t\u00eam como objetivo capacitar profissionais de sa\u00fade na aplica\u00e7\u00e3o correta e padronizada de protocolos assistenciais e boas pr\u00e1ticas de cuidado. Com uma metodologia pr\u00e1tica e interativa, capacitamos profissionais para aplicarem protocolos de forma efetiva no dia a dia, [&hellip;]<\/p>\n","protected":false},"author":1,"featured_media":0,"parent":0,"menu_order":0,"comment_status":"closed","ping_status":"closed","template":"","meta":{"footnotes":""},"class_list":["post-5192","page","type-page","status-publish","hentry"],"_links":{"self":[{"href":"https:\/\/spgestaoemsaude.andersonferro.com.br\/index.php?rest_route=\/wp\/v2\/pages\/5192","targetHints":{"allow":["GET"]}}],"collection":[{"href":"https:\/\/spgestaoemsaude.andersonferro.com.br\/index.php?rest_route=\/wp\/v2\/pages"}],"about":[{"href":"https:\/\/spgestaoemsaude.andersonferro.com.br\/index.php?rest_route=\/wp\/v2\/types\/page"}],"author":[{"embeddable":true,"href":"https:\/\/spgestaoemsaude.andersonferro.com.br\/index.php?rest_route=\/wp\/v2\/users\/1"}],"replies":[{"embeddable":true,"href":"https:\/\/spgestaoemsaude.andersonferro.com.br\/index.php?rest_route=%2Fwp%2Fv2%2Fcomments&post=5192"}],"version-history":[{"count":43,"href":"https:\/\/spgestaoemsaude.andersonferro.com.br\/index.php?rest_route=\/wp\/v2\/pages\/5192\/revisions"}],"predecessor-version":[{"id":5704,"href":"https:\/\/spgestaoemsaude.andersonferro.com.br\/index.php?rest_route=\/wp\/v2\/pages\/5192\/revisions\/5704"}],"wp:attachment":[{"href":"https:\/\/spgestaoemsaude.andersonferro.com.br\/index.php?rest_route=%2Fwp%2Fv2%2Fmedia&parent=5192"}],"curies":[{"name":"wp","href":"https:\/\/api.w.org\/{rel}","templated":true}]}}